{"id":1033164,"date":"2026-04-24T11:00:56","date_gmt":"2026-04-24T08:00:56","guid":{"rendered":"https:\/\/ventspils.citro.lv\/veikals\/risi-garde-manger-ar-juras-veltem-400g\/"},"modified":"2026-04-24T11:01:06","modified_gmt":"2026-04-24T08:01:06","slug":"risi-garde-manger-ar-juras-veltem-400g","status":"publish","type":"product","link":"https:\/\/ventspils.citro.lv\/ru\/veikals\/risi-garde-manger-ar-juras-veltem-400g\/","title":{"rendered":"R\u012bsi Garde Manger ar j\u016bras velt\u0113m 400g"},"content":{"rendered":"","protected":false},"excerpt":{"rendered":"<p>7.13 \u20ac\/kg<\/p>\n","protected":false},"featured_media":1253213,"template":"","meta":{"_acf_changed":false,"inline_featured_image":false},"product_cat":[571,231],"product_tag":[],"acf":[],"aioseo_notices":[],"_links":{"self":[{"href":"https:\/\/ventspils.citro.lv\/ru\/wp-json\/wp\/v2\/product\/1033164"}],"collection":[{"href":"https:\/\/ventspils.citro.lv\/ru\/wp-json\/wp\/v2\/product"}],"about":[{"href":"https:\/\/ventspils.citro.lv\/ru\/wp-json\/wp\/v2\/types\/product"}],"wp:featuredmedia":[{"embeddable":true,"href":"https:\/\/ventspils.citro.lv\/ru\/wp-json\/wp\/v2\/media\/1253213"}],"wp:attachment":[{"href":"https:\/\/ventspils.citro.lv\/ru\/wp-json\/wp\/v2\/media?parent=1033164"}],"wp:term":[{"taxonomy":"product_cat","embeddable":true,"href":"https:\/\/ventspils.citro.lv\/ru\/wp-json\/wp\/v2\/product_cat?post=1033164"},{"taxonomy":"product_tag","embeddable":true,"href":"https:\/\/ventspils.citro.lv\/ru\/wp-json\/wp\/v2\/product_tag?post=1033164"}],"curies":[{"name":"wp","href":"https:\/\/api.w.org\/{rel}","templated":true}]}}