{"id":1031227,"date":"2026-03-17T08:52:01","date_gmt":"2026-03-17T06:52:01","guid":{"rendered":"https:\/\/ventspils.citro.lv\/veikals\/sipolu-gredzeni-ecofrost-mikla-sald-sver\/"},"modified":"2026-03-17T08:52:11","modified_gmt":"2026-03-17T06:52:11","slug":"sipolu-gredzeni-ecofrost-mikla-sald-sver","status":"publish","type":"product","link":"https:\/\/ventspils.citro.lv\/ru\/veikals\/sipolu-gredzeni-ecofrost-mikla-sald-sver\/","title":{"rendered":"S\u012bpolu gredzeni Ecofrost m\u012bkl\u0101 sald.sver."},"content":{"rendered":"","protected":false},"excerpt":{"rendered":"<p>5.49 \u20ac\/kg<\/p>\n","protected":false},"featured_media":1227622,"template":"","meta":{"_acf_changed":false,"inline_featured_image":false},"product_cat":[569,231],"product_tag":[],"acf":[],"aioseo_notices":[],"_links":{"self":[{"href":"https:\/\/ventspils.citro.lv\/ru\/wp-json\/wp\/v2\/product\/1031227"}],"collection":[{"href":"https:\/\/ventspils.citro.lv\/ru\/wp-json\/wp\/v2\/product"}],"about":[{"href":"https:\/\/ventspils.citro.lv\/ru\/wp-json\/wp\/v2\/types\/product"}],"wp:featuredmedia":[{"embeddable":true,"href":"https:\/\/ventspils.citro.lv\/ru\/wp-json\/wp\/v2\/media\/1227622"}],"wp:attachment":[{"href":"https:\/\/ventspils.citro.lv\/ru\/wp-json\/wp\/v2\/media?parent=1031227"}],"wp:term":[{"taxonomy":"product_cat","embeddable":true,"href":"https:\/\/ventspils.citro.lv\/ru\/wp-json\/wp\/v2\/product_cat?post=1031227"},{"taxonomy":"product_tag","embeddable":true,"href":"https:\/\/ventspils.citro.lv\/ru\/wp-json\/wp\/v2\/product_tag?post=1031227"}],"curies":[{"name":"wp","href":"https:\/\/api.w.org\/{rel}","templated":true}]}}