{"id":1031226,"date":"2026-03-17T08:52:01","date_gmt":"2026-03-17T06:52:01","guid":{"rendered":"https:\/\/ventspils.citro.lv\/veikals\/darzeni-bauer-meksikanu-mix-400g\/"},"modified":"2026-04-02T14:52:04","modified_gmt":"2026-04-02T11:52:04","slug":"darzeni-bauer-meksikanu-mix-400g","status":"publish","type":"product","link":"https:\/\/ventspils.citro.lv\/ru\/veikals\/darzeni-bauer-meksikanu-mix-400g\/","title":{"rendered":"D\u0101rze\u0146i Bauer meksik\u0101\u0146u mix 400g"},"content":{"rendered":"","protected":false},"excerpt":{"rendered":"<p>4.13 \u20ac\/kg<\/p>\n","protected":false},"featured_media":1227621,"template":"","meta":{"_acf_changed":false,"inline_featured_image":false},"product_cat":[569,231],"product_tag":[],"acf":[],"aioseo_notices":[],"_links":{"self":[{"href":"https:\/\/ventspils.citro.lv\/ru\/wp-json\/wp\/v2\/product\/1031226"}],"collection":[{"href":"https:\/\/ventspils.citro.lv\/ru\/wp-json\/wp\/v2\/product"}],"about":[{"href":"https:\/\/ventspils.citro.lv\/ru\/wp-json\/wp\/v2\/types\/product"}],"wp:featuredmedia":[{"embeddable":true,"href":"https:\/\/ventspils.citro.lv\/ru\/wp-json\/wp\/v2\/media\/1227621"}],"wp:attachment":[{"href":"https:\/\/ventspils.citro.lv\/ru\/wp-json\/wp\/v2\/media?parent=1031226"}],"wp:term":[{"taxonomy":"product_cat","embeddable":true,"href":"https:\/\/ventspils.citro.lv\/ru\/wp-json\/wp\/v2\/product_cat?post=1031226"},{"taxonomy":"product_tag","embeddable":true,"href":"https:\/\/ventspils.citro.lv\/ru\/wp-json\/wp\/v2\/product_tag?post=1031226"}],"curies":[{"name":"wp","href":"https:\/\/api.w.org\/{rel}","templated":true}]}}