{"id":1031223,"date":"2026-03-17T08:51:52","date_gmt":"2026-03-17T06:51:52","guid":{"rendered":"https:\/\/ventspils.citro.lv\/veikals\/maisijums-darzenu-bauer-italu-stila-400g\/"},"modified":"2026-03-21T19:37:58","modified_gmt":"2026-03-21T17:37:58","slug":"maisijums-darzenu-bauer-italu-stila-400g","status":"publish","type":"product","link":"https:\/\/ventspils.citro.lv\/ru\/veikals\/maisijums-darzenu-bauer-italu-stila-400g\/","title":{"rendered":"Mais\u012bjums darz\u0113\u0146u Bauer It\u0101\u013cu stil\u0101 400g"},"content":{"rendered":"","protected":false},"excerpt":{"rendered":"<p>4.23 \u20ac\/kg<\/p>\n","protected":false},"featured_media":1227620,"template":"","meta":{"_acf_changed":false,"inline_featured_image":false},"product_cat":[569,231],"product_tag":[],"acf":[],"aioseo_notices":[],"_links":{"self":[{"href":"https:\/\/ventspils.citro.lv\/ru\/wp-json\/wp\/v2\/product\/1031223"}],"collection":[{"href":"https:\/\/ventspils.citro.lv\/ru\/wp-json\/wp\/v2\/product"}],"about":[{"href":"https:\/\/ventspils.citro.lv\/ru\/wp-json\/wp\/v2\/types\/product"}],"wp:featuredmedia":[{"embeddable":true,"href":"https:\/\/ventspils.citro.lv\/ru\/wp-json\/wp\/v2\/media\/1227620"}],"wp:attachment":[{"href":"https:\/\/ventspils.citro.lv\/ru\/wp-json\/wp\/v2\/media?parent=1031223"}],"wp:term":[{"taxonomy":"product_cat","embeddable":true,"href":"https:\/\/ventspils.citro.lv\/ru\/wp-json\/wp\/v2\/product_cat?post=1031223"},{"taxonomy":"product_tag","embeddable":true,"href":"https:\/\/ventspils.citro.lv\/ru\/wp-json\/wp\/v2\/product_tag?post=1031223"}],"curies":[{"name":"wp","href":"https:\/\/api.w.org\/{rel}","templated":true}]}}