{"id":1031221,"date":"2026-04-24T10:57:57","date_gmt":"2026-04-24T07:57:57","guid":{"rendered":"https:\/\/ventspils.citro.lv\/veikals\/darzenu-bauer-ar-kartupeliem-un-senem-400g\/"},"modified":"2026-04-24T10:58:06","modified_gmt":"2026-04-24T07:58:06","slug":"darzeni-bauer-ar-kartupeliem-un-senem-400g","status":"publish","type":"product","link":"https:\/\/ventspils.citro.lv\/ru\/veikals\/darzeni-bauer-ar-kartupeliem-un-senem-400g\/","title":{"rendered":"D\u0101rze\u0146i Bauer ar kartupe\u013ciem un s\u0113n\u0113m 400g"},"content":{"rendered":"","protected":false},"excerpt":{"rendered":"<p>3.23 \u20ac\/kg<\/p>\n","protected":false},"featured_media":1253201,"template":"","meta":{"_acf_changed":false,"inline_featured_image":false},"product_cat":[569,231],"product_tag":[],"acf":[],"aioseo_notices":[],"_links":{"self":[{"href":"https:\/\/ventspils.citro.lv\/ru\/wp-json\/wp\/v2\/product\/1031221"}],"collection":[{"href":"https:\/\/ventspils.citro.lv\/ru\/wp-json\/wp\/v2\/product"}],"about":[{"href":"https:\/\/ventspils.citro.lv\/ru\/wp-json\/wp\/v2\/types\/product"}],"wp:featuredmedia":[{"embeddable":true,"href":"https:\/\/ventspils.citro.lv\/ru\/wp-json\/wp\/v2\/media\/1253201"}],"wp:attachment":[{"href":"https:\/\/ventspils.citro.lv\/ru\/wp-json\/wp\/v2\/media?parent=1031221"}],"wp:term":[{"taxonomy":"product_cat","embeddable":true,"href":"https:\/\/ventspils.citro.lv\/ru\/wp-json\/wp\/v2\/product_cat?post=1031221"},{"taxonomy":"product_tag","embeddable":true,"href":"https:\/\/ventspils.citro.lv\/ru\/wp-json\/wp\/v2\/product_tag?post=1031221"}],"curies":[{"name":"wp","href":"https:\/\/api.w.org\/{rel}","templated":true}]}}