{"id":1030262,"date":"2026-03-27T11:39:25","date_gmt":"2026-03-27T09:39:25","guid":{"rendered":"https:\/\/ventspils.citro.lv\/veikals\/sparnini-vistu-kraukskigi-500g\/"},"modified":"2026-03-27T11:39:34","modified_gmt":"2026-03-27T09:39:34","slug":"sparnini-vistu-kraukskigi-500g","status":"publish","type":"product","link":"https:\/\/ventspils.citro.lv\/ru\/veikals\/sparnini-vistu-kraukskigi-500g\/","title":{"rendered":"Sp\u0101rni\u0146i vistu krauk\u0161\u0137\u012bgi 500g"},"content":{"rendered":"","protected":false},"excerpt":{"rendered":"<p>8.78 \u20ac\/kg<\/p>\n","protected":false},"featured_media":1236845,"template":"","meta":{"_acf_changed":false,"inline_featured_image":false},"product_cat":[573,231],"product_tag":[],"acf":[],"aioseo_notices":[],"_links":{"self":[{"href":"https:\/\/ventspils.citro.lv\/ru\/wp-json\/wp\/v2\/product\/1030262"}],"collection":[{"href":"https:\/\/ventspils.citro.lv\/ru\/wp-json\/wp\/v2\/product"}],"about":[{"href":"https:\/\/ventspils.citro.lv\/ru\/wp-json\/wp\/v2\/types\/product"}],"wp:featuredmedia":[{"embeddable":true,"href":"https:\/\/ventspils.citro.lv\/ru\/wp-json\/wp\/v2\/media\/1236845"}],"wp:attachment":[{"href":"https:\/\/ventspils.citro.lv\/ru\/wp-json\/wp\/v2\/media?parent=1030262"}],"wp:term":[{"taxonomy":"product_cat","embeddable":true,"href":"https:\/\/ventspils.citro.lv\/ru\/wp-json\/wp\/v2\/product_cat?post=1030262"},{"taxonomy":"product_tag","embeddable":true,"href":"https:\/\/ventspils.citro.lv\/ru\/wp-json\/wp\/v2\/product_tag?post=1030262"}],"curies":[{"name":"wp","href":"https:\/\/api.w.org\/{rel}","templated":true}]}}