{"id":1028272,"date":"2026-03-27T11:39:25","date_gmt":"2026-03-27T09:39:25","guid":{"rendered":"https:\/\/ventspils.citro.lv\/veikals\/pelmeni-mazie-jelgava-400g\/"},"modified":"2026-03-27T11:39:29","modified_gmt":"2026-03-27T09:39:29","slug":"pelmeni-mazie-jelgava-400g","status":"publish","type":"product","link":"https:\/\/ventspils.citro.lv\/ru\/veikals\/pelmeni-mazie-jelgava-400g\/","title":{"rendered":"Pelme\u0146i mazie Jelgava 400g"},"content":{"rendered":"<p>pild\u012bjums 40%, m\u012bkla. Pild\u012bjuma sast\u0101vda\u013cas: meh\u0101niski atdal\u012bta c\u0101\u013ca ga\u013ca, \u016bdens, c\u0101\u013ca \u0101das, SOJAS olbaltumvielas, sausie s\u012bpoli, s\u0101ls, gar\u0161vielas (satur SELERIJAS), dekstroze, hidroliz\u0113tas augu valsts olbaltumvielas, gar\u0161vielu ekstrakti, aromatiz\u0113t\u0101ji (satur rauga ekstraktu), cukurs. M\u012bklas sast\u0101vda\u013cas: KVIE\u0160U milti, \u016bdens, r\u012bsu milti, dekstroze, s\u0101ls, gar\u0161vielas, aromatiz\u0113t\u0101ji. Izejvielas izcelsme &#8212; ES. Produkt\u0101 iesp\u0113jama \u0161\u0101du alerg\u0113nu kl\u0101tb\u016btne: PIENS, SINEPJU S\u0112KLAS, SEZAMA S\u0112KLAS.<\/p>\n","protected":false},"excerpt":{"rendered":"<p>4.73 \u20ac\/kg<\/p>\n","protected":false},"featured_media":1236844,"template":"","meta":{"_acf_changed":false,"inline_featured_image":false},"product_cat":[539,231],"product_tag":[],"acf":[],"aioseo_notices":[],"_links":{"self":[{"href":"https:\/\/ventspils.citro.lv\/ru\/wp-json\/wp\/v2\/product\/1028272"}],"collection":[{"href":"https:\/\/ventspils.citro.lv\/ru\/wp-json\/wp\/v2\/product"}],"about":[{"href":"https:\/\/ventspils.citro.lv\/ru\/wp-json\/wp\/v2\/types\/product"}],"wp:featuredmedia":[{"embeddable":true,"href":"https:\/\/ventspils.citro.lv\/ru\/wp-json\/wp\/v2\/media\/1236844"}],"wp:attachment":[{"href":"https:\/\/ventspils.citro.lv\/ru\/wp-json\/wp\/v2\/media?parent=1028272"}],"wp:term":[{"taxonomy":"product_cat","embeddable":true,"href":"https:\/\/ventspils.citro.lv\/ru\/wp-json\/wp\/v2\/product_cat?post=1028272"},{"taxonomy":"product_tag","embeddable":true,"href":"https:\/\/ventspils.citro.lv\/ru\/wp-json\/wp\/v2\/product_tag?post=1028272"}],"curies":[{"name":"wp","href":"https:\/\/api.w.org\/{rel}","templated":true}]}}