{"id":1027091,"date":"2026-04-10T09:27:03","date_gmt":"2026-04-10T06:27:03","guid":{"rendered":"https:\/\/ventspils.citro.lv\/veikals\/pelmeni-ekspresso-premium-ar-cukgalu-400g\/"},"modified":"2026-04-10T09:27:08","modified_gmt":"2026-04-10T06:27:08","slug":"pelmeni-ekspresso-premium-ar-cukgalu-400g","status":"publish","type":"product","link":"https:\/\/ventspils.citro.lv\/ru\/veikals\/pelmeni-ekspresso-premium-ar-cukgalu-400g\/","title":{"rendered":"Pelme\u0146i Ekspresso Premium ar c\u016bkga\u013cu 400g"},"content":{"rendered":"","protected":false},"excerpt":{"rendered":"<p>6.00 \u20ac\/kg<\/p>\n","protected":false},"featured_media":1244159,"template":"","meta":{"_acf_changed":false,"inline_featured_image":false},"product_cat":[539,231],"product_tag":[],"acf":[],"aioseo_notices":[],"_links":{"self":[{"href":"https:\/\/ventspils.citro.lv\/ru\/wp-json\/wp\/v2\/product\/1027091"}],"collection":[{"href":"https:\/\/ventspils.citro.lv\/ru\/wp-json\/wp\/v2\/product"}],"about":[{"href":"https:\/\/ventspils.citro.lv\/ru\/wp-json\/wp\/v2\/types\/product"}],"wp:featuredmedia":[{"embeddable":true,"href":"https:\/\/ventspils.citro.lv\/ru\/wp-json\/wp\/v2\/media\/1244159"}],"wp:attachment":[{"href":"https:\/\/ventspils.citro.lv\/ru\/wp-json\/wp\/v2\/media?parent=1027091"}],"wp:term":[{"taxonomy":"product_cat","embeddable":true,"href":"https:\/\/ventspils.citro.lv\/ru\/wp-json\/wp\/v2\/product_cat?post=1027091"},{"taxonomy":"product_tag","embeddable":true,"href":"https:\/\/ventspils.citro.lv\/ru\/wp-json\/wp\/v2\/product_tag?post=1027091"}],"curies":[{"name":"wp","href":"https:\/\/api.w.org\/{rel}","templated":true}]}}