{"id":1027089,"date":"2026-04-24T10:57:24","date_gmt":"2026-04-24T07:57:24","guid":{"rendered":"https:\/\/ventspils.citro.lv\/veikals\/tualetes-papirs-grite-ecological-3slani-4rulli\/"},"modified":"2026-04-24T10:57:35","modified_gmt":"2026-04-24T07:57:35","slug":"tualetes-papirs-grite-ecological-3slani-4rulli","status":"publish","type":"product","link":"https:\/\/ventspils.citro.lv\/ru\/veikals\/tualetes-papirs-grite-ecological-3slani-4rulli\/","title":{"rendered":"Tualetes pap\u012brs Grite Ecological 3sl\u0101\u0146i 4ru\u013c\u013ci"},"content":{"rendered":"","protected":false},"excerpt":{"rendered":"<p>0.32 \u20ac\/gb<\/p>\n","protected":false},"featured_media":1253195,"template":"","meta":{"_acf_changed":false,"inline_featured_image":false},"product_cat":[131,163],"product_tag":[],"acf":[],"aioseo_notices":[],"_links":{"self":[{"href":"https:\/\/ventspils.citro.lv\/ru\/wp-json\/wp\/v2\/product\/1027089"}],"collection":[{"href":"https:\/\/ventspils.citro.lv\/ru\/wp-json\/wp\/v2\/product"}],"about":[{"href":"https:\/\/ventspils.citro.lv\/ru\/wp-json\/wp\/v2\/types\/product"}],"wp:featuredmedia":[{"embeddable":true,"href":"https:\/\/ventspils.citro.lv\/ru\/wp-json\/wp\/v2\/media\/1253195"}],"wp:attachment":[{"href":"https:\/\/ventspils.citro.lv\/ru\/wp-json\/wp\/v2\/media?parent=1027089"}],"wp:term":[{"taxonomy":"product_cat","embeddable":true,"href":"https:\/\/ventspils.citro.lv\/ru\/wp-json\/wp\/v2\/product_cat?post=1027089"},{"taxonomy":"product_tag","embeddable":true,"href":"https:\/\/ventspils.citro.lv\/ru\/wp-json\/wp\/v2\/product_tag?post=1027089"}],"curies":[{"name":"wp","href":"https:\/\/api.w.org\/{rel}","templated":true}]}}