{"id":1027079,"date":"2026-04-10T09:21:45","date_gmt":"2026-04-10T06:21:45","guid":{"rendered":"https:\/\/ventspils.citro.lv\/veikals\/jogurts-grieku-baltais-ar-auzam-un-zemenem-duo180g\/"},"modified":"2026-04-10T09:21:49","modified_gmt":"2026-04-10T06:21:49","slug":"jogurts-grieku-baltais-ar-auzam-un-zemenem-duo180g","status":"publish","type":"product","link":"https:\/\/ventspils.citro.lv\/ru\/veikals\/jogurts-grieku-baltais-ar-auzam-un-zemenem-duo180g\/","title":{"rendered":"Jogurts grie\u0137u Baltais ar auz\u0101m un zemen\u0113m Duo180g"},"content":{"rendered":"","protected":false},"excerpt":{"rendered":"<p>7.72 \u20ac\/kg<\/p>\n","protected":false},"featured_media":1244142,"template":"","meta":{"_acf_changed":false,"inline_featured_image":false},"product_cat":[95,188],"product_tag":[],"acf":[],"aioseo_notices":[{"message":"The permalink for this post just changed! This could result in 404 errors for your site visitors.","status":"warning","options":{"id":"0a2ae5f84bc2c0423042ed7ec22d2e40","isDismissible":true,"actions":[{"url":"https:\/\/ventspils.citro.lv\/wp-admin\/admin.php?page=aioseo-redirects","label":"Add Redirect to improve SEO","target":"_blank","class":"aioseo-redirects-slug-changed"}]},"allowedContexts":["posts"]}],"_links":{"self":[{"href":"https:\/\/ventspils.citro.lv\/ru\/wp-json\/wp\/v2\/product\/1027079"}],"collection":[{"href":"https:\/\/ventspils.citro.lv\/ru\/wp-json\/wp\/v2\/product"}],"about":[{"href":"https:\/\/ventspils.citro.lv\/ru\/wp-json\/wp\/v2\/types\/product"}],"wp:featuredmedia":[{"embeddable":true,"href":"https:\/\/ventspils.citro.lv\/ru\/wp-json\/wp\/v2\/media\/1244142"}],"wp:attachment":[{"href":"https:\/\/ventspils.citro.lv\/ru\/wp-json\/wp\/v2\/media?parent=1027079"}],"wp:term":[{"taxonomy":"product_cat","embeddable":true,"href":"https:\/\/ventspils.citro.lv\/ru\/wp-json\/wp\/v2\/product_cat?post=1027079"},{"taxonomy":"product_tag","embeddable":true,"href":"https:\/\/ventspils.citro.lv\/ru\/wp-json\/wp\/v2\/product_tag?post=1027079"}],"curies":[{"name":"wp","href":"https:\/\/api.w.org\/{rel}","templated":true}]}}