{"id":1027070,"date":"2026-04-24T10:55:08","date_gmt":"2026-04-24T07:55:08","guid":{"rendered":"https:\/\/ventspils.citro.lv\/veikals\/cipsi-kukuruzas-berniem-ponn-organic-ar-zemenem-aboliem-20g\/"},"modified":"2026-04-24T10:55:13","modified_gmt":"2026-04-24T07:55:13","slug":"cipsi-kukuruzas-berniem-ponn-organic-ar-zemenem-aboliem-20g","status":"publish","type":"product","link":"https:\/\/ventspils.citro.lv\/ru\/veikals\/cipsi-kukuruzas-berniem-ponn-organic-ar-zemenem-aboliem-20g\/","title":{"rendered":"\u010cipsi kukur\u016bzas b\u0113rniem Ponn Organic ar zemen\u0113m, \u0101boliem 20g"},"content":{"rendered":"","protected":false},"excerpt":{"rendered":"<p>57.50 \u20ac\/kg<\/p>\n","protected":false},"featured_media":1253180,"template":"","meta":{"_acf_changed":false,"inline_featured_image":false},"product_cat":[172,173],"product_tag":[],"acf":[],"aioseo_notices":[],"_links":{"self":[{"href":"https:\/\/ventspils.citro.lv\/ru\/wp-json\/wp\/v2\/product\/1027070"}],"collection":[{"href":"https:\/\/ventspils.citro.lv\/ru\/wp-json\/wp\/v2\/product"}],"about":[{"href":"https:\/\/ventspils.citro.lv\/ru\/wp-json\/wp\/v2\/types\/product"}],"wp:featuredmedia":[{"embeddable":true,"href":"https:\/\/ventspils.citro.lv\/ru\/wp-json\/wp\/v2\/media\/1253180"}],"wp:attachment":[{"href":"https:\/\/ventspils.citro.lv\/ru\/wp-json\/wp\/v2\/media?parent=1027070"}],"wp:term":[{"taxonomy":"product_cat","embeddable":true,"href":"https:\/\/ventspils.citro.lv\/ru\/wp-json\/wp\/v2\/product_cat?post=1027070"},{"taxonomy":"product_tag","embeddable":true,"href":"https:\/\/ventspils.citro.lv\/ru\/wp-json\/wp\/v2\/product_tag?post=1027070"}],"curies":[{"name":"wp","href":"https:\/\/api.w.org\/{rel}","templated":true}]}}