{"id":1027066,"date":"2026-03-31T04:46:35","date_gmt":"2026-03-31T01:46:35","guid":{"rendered":"https:\/\/ventspils.citro.lv\/veikals\/cipsi-kukuruzas-berniem-ponn-organic-ar-mangobananu-20g-7\/"},"modified":"2026-04-09T13:35:57","modified_gmt":"2026-04-09T10:35:57","slug":"cipsi-kukuruzas-berniem-ponn-organic-ar-mangobananu-20g-7","status":"publish","type":"product","link":"https:\/\/ventspils.citro.lv\/ru\/veikals\/cipsi-kukuruzas-berniem-ponn-organic-ar-mangobananu-20g-7\/","title":{"rendered":"\u010cipsi kukur\u016bzas b\u0113rniem Ponn Organic ar mango,ban\u0101nu 20g 7+"},"content":{"rendered":"","protected":false},"excerpt":{"rendered":"<p>77.50 \u20ac\/kg<\/p>\n","protected":false},"featured_media":1238407,"template":"","meta":{"_acf_changed":false,"inline_featured_image":false},"product_cat":[172,173],"product_tag":[],"acf":[],"aioseo_notices":[],"_links":{"self":[{"href":"https:\/\/ventspils.citro.lv\/ru\/wp-json\/wp\/v2\/product\/1027066"}],"collection":[{"href":"https:\/\/ventspils.citro.lv\/ru\/wp-json\/wp\/v2\/product"}],"about":[{"href":"https:\/\/ventspils.citro.lv\/ru\/wp-json\/wp\/v2\/types\/product"}],"wp:featuredmedia":[{"embeddable":true,"href":"https:\/\/ventspils.citro.lv\/ru\/wp-json\/wp\/v2\/media\/1238407"}],"wp:attachment":[{"href":"https:\/\/ventspils.citro.lv\/ru\/wp-json\/wp\/v2\/media?parent=1027066"}],"wp:term":[{"taxonomy":"product_cat","embeddable":true,"href":"https:\/\/ventspils.citro.lv\/ru\/wp-json\/wp\/v2\/product_cat?post=1027066"},{"taxonomy":"product_tag","embeddable":true,"href":"https:\/\/ventspils.citro.lv\/ru\/wp-json\/wp\/v2\/product_tag?post=1027066"}],"curies":[{"name":"wp","href":"https:\/\/api.w.org\/{rel}","templated":true}]}}