{"id":1026346,"date":"2025-04-10T06:21:35","date_gmt":"2025-04-10T03:21:35","guid":{"rendered":"https:\/\/ventspils.citro.lv\/veikals\/jogurta-un-cia-seklu-pudins-ar-augliem-160g\/"},"modified":"2026-04-04T11:08:01","modified_gmt":"2026-04-04T08:08:01","slug":"jogurta-un-cia-seklu-pudins-ar-augliem-160g","status":"publish","type":"product","link":"https:\/\/ventspils.citro.lv\/ru\/veikals\/jogurta-un-cia-seklu-pudins-ar-augliem-160g\/","title":{"rendered":"Jogurta un \u010dia s\u0113klu pudi\u0146\u0161 ar aug\u013ciem 160g"},"content":{"rendered":"","protected":false},"excerpt":{"rendered":"<p>9.31 \u20ac\/kg<\/p>\n","protected":false},"featured_media":1028271,"template":"","meta":{"_acf_changed":false,"inline_featured_image":false},"product_cat":[113,221],"product_tag":[],"acf":[],"aioseo_notices":[],"_links":{"self":[{"href":"https:\/\/ventspils.citro.lv\/ru\/wp-json\/wp\/v2\/product\/1026346"}],"collection":[{"href":"https:\/\/ventspils.citro.lv\/ru\/wp-json\/wp\/v2\/product"}],"about":[{"href":"https:\/\/ventspils.citro.lv\/ru\/wp-json\/wp\/v2\/types\/product"}],"wp:featuredmedia":[{"embeddable":true,"href":"https:\/\/ventspils.citro.lv\/ru\/wp-json\/wp\/v2\/media\/1028271"}],"wp:attachment":[{"href":"https:\/\/ventspils.citro.lv\/ru\/wp-json\/wp\/v2\/media?parent=1026346"}],"wp:term":[{"taxonomy":"product_cat","embeddable":true,"href":"https:\/\/ventspils.citro.lv\/ru\/wp-json\/wp\/v2\/product_cat?post=1026346"},{"taxonomy":"product_tag","embeddable":true,"href":"https:\/\/ventspils.citro.lv\/ru\/wp-json\/wp\/v2\/product_tag?post=1026346"}],"curies":[{"name":"wp","href":"https:\/\/api.w.org\/{rel}","templated":true}]}}