{"id":1023529,"date":"2026-05-02T01:30:29","date_gmt":"2026-05-01T22:30:29","guid":{"rendered":"https:\/\/ventspils.citro.lv\/veikals\/calu-pusstilbi-garsvielas-rm-800g\/"},"modified":"2026-05-02T01:30:33","modified_gmt":"2026-05-01T22:30:33","slug":"calu-pusstilbi-garsvielas-rm-800g","status":"publish","type":"product","link":"https:\/\/ventspils.citro.lv\/ru\/veikals\/calu-pusstilbi-garsvielas-rm-800g\/","title":{"rendered":"C\u0101\u013cu pusstilbi gar\u0161viel\u0101s RM 800g"},"content":{"rendered":"<p>C\u0101\u013ca pusstilbi 88%, \u016bdens, s\u0101ls, dekstroze, augu valsts \u0161\u0137iedrvielas, gar\u0161vielas, za\u013cumi, aromatiz\u0113t\u0101ji. Produkt\u0101 iesp\u0113jama \u0161\u0101du alerg\u0113nu kl\u0101tb\u016btne: KVIE\u0160I, SOJA, PIENS, SINEPES, SELERIJA.<\/p>\n","protected":false},"excerpt":{"rendered":"<p>5.61 \u20ac\/kg<\/p>\n","protected":false},"featured_media":1255609,"template":"","meta":{"_acf_changed":false,"inline_featured_image":false},"product_cat":[135,182],"product_tag":[],"acf":[],"aioseo_notices":[],"_links":{"self":[{"href":"https:\/\/ventspils.citro.lv\/ru\/wp-json\/wp\/v2\/product\/1023529"}],"collection":[{"href":"https:\/\/ventspils.citro.lv\/ru\/wp-json\/wp\/v2\/product"}],"about":[{"href":"https:\/\/ventspils.citro.lv\/ru\/wp-json\/wp\/v2\/types\/product"}],"wp:featuredmedia":[{"embeddable":true,"href":"https:\/\/ventspils.citro.lv\/ru\/wp-json\/wp\/v2\/media\/1255609"}],"wp:attachment":[{"href":"https:\/\/ventspils.citro.lv\/ru\/wp-json\/wp\/v2\/media?parent=1023529"}],"wp:term":[{"taxonomy":"product_cat","embeddable":true,"href":"https:\/\/ventspils.citro.lv\/ru\/wp-json\/wp\/v2\/product_cat?post=1023529"},{"taxonomy":"product_tag","embeddable":true,"href":"https:\/\/ventspils.citro.lv\/ru\/wp-json\/wp\/v2\/product_tag?post=1023529"}],"curies":[{"name":"wp","href":"https:\/\/api.w.org\/{rel}","templated":true}]}}