{"id":1016558,"date":"2026-05-10T01:12:55","date_gmt":"2026-05-09T22:12:55","guid":{"rendered":"https:\/\/ventspils.citro.lv\/veikals\/cala-pussparni-ar-garsvielam-rigas-miesnieks-800g\/"},"modified":"2026-05-10T01:13:04","modified_gmt":"2026-05-09T22:13:04","slug":"cala-pussparni-ar-garsvielam-rm-800g","status":"publish","type":"product","link":"https:\/\/ventspils.citro.lv\/ru\/veikals\/cala-pussparni-ar-garsvielam-rm-800g\/","title":{"rendered":"C\u0101\u013ca pussp\u0101rni ar gar\u0161viel\u0101m RM 800g"},"content":{"rendered":"<p>C\u0101\u013ca pussp\u0101rni 90%, \u016bdens, s\u0101ls, dekstroze, augu izcelsmes \u0161\u0137iedrvielas, gar\u0161vielas un gar\u0161augi, aromatiz\u0113t\u0101ji. Produkt\u0101 iesp\u0113jama \u0161\u0101du alerg\u0113nu kl\u0101tb\u016btne: KVIE\u0160I, SOJA, PIENS, SINEPES, SELERIJAS.<\/p>\n","protected":false},"excerpt":{"rendered":"<p>3.99 \u20ac\/kg<\/p>\n","protected":false},"featured_media":1258317,"template":"","meta":{"_acf_changed":false,"inline_featured_image":false},"product_cat":[135,182],"product_tag":[],"acf":[],"aioseo_notices":[],"_links":{"self":[{"href":"https:\/\/ventspils.citro.lv\/ru\/wp-json\/wp\/v2\/product\/1016558"}],"collection":[{"href":"https:\/\/ventspils.citro.lv\/ru\/wp-json\/wp\/v2\/product"}],"about":[{"href":"https:\/\/ventspils.citro.lv\/ru\/wp-json\/wp\/v2\/types\/product"}],"wp:featuredmedia":[{"embeddable":true,"href":"https:\/\/ventspils.citro.lv\/ru\/wp-json\/wp\/v2\/media\/1258317"}],"wp:attachment":[{"href":"https:\/\/ventspils.citro.lv\/ru\/wp-json\/wp\/v2\/media?parent=1016558"}],"wp:term":[{"taxonomy":"product_cat","embeddable":true,"href":"https:\/\/ventspils.citro.lv\/ru\/wp-json\/wp\/v2\/product_cat?post=1016558"},{"taxonomy":"product_tag","embeddable":true,"href":"https:\/\/ventspils.citro.lv\/ru\/wp-json\/wp\/v2\/product_tag?post=1016558"}],"curies":[{"name":"wp","href":"https:\/\/api.w.org\/{rel}","templated":true}]}}