{"id":1016530,"date":"2026-05-03T01:30:57","date_gmt":"2026-05-02T22:30:57","guid":{"rendered":"https:\/\/ventspils.citro.lv\/veikals\/vafeles-stroopwafel-ar-karameli-1gb\/"},"modified":"2026-05-03T01:31:03","modified_gmt":"2026-05-02T22:31:03","slug":"vafeles-stroopwafel-ar-karameli-1gb","status":"publish","type":"product","link":"https:\/\/ventspils.citro.lv\/ru\/veikals\/vafeles-stroopwafel-ar-karameli-1gb\/","title":{"rendered":"Vafeles Stroopwafel ar karameli 1gb"},"content":{"rendered":"<p>Vafeles 57%, Kvie\u0161u milti, margar\u012bns(palmu e\u013c\u013ca,\u016bdens,s\u0101ls,E471,E433,E322,konservants  E202,sk\u0101buma regul\u0113t\u0101js,aromatiz\u0113t\u0101js,kr\u0101sviela, cukurs,cietes s\u012brups,olu melan\u017es,sausais piena s\u016bkalas,iesala ekstrakts, rudzu iesals,mie\u017eu iesals,sojas lecit\u012bns,kan\u0113lis,irdin\u0101t\u0101js, karame\u013cu pild\u012bjums 43%var\u012bts iebiezin\u0101tais piens ar cukuru,var satur\u0113t zemesriekstu un sezamu produktu paliekas.<\/p>\n","protected":false},"excerpt":{"rendered":"<p>&nbsp;<\/p>\n","protected":false},"featured_media":1255769,"template":"","meta":{"_acf_changed":false,"inline_featured_image":false},"product_cat":[125,139],"product_tag":[],"acf":[],"aioseo_notices":[],"_links":{"self":[{"href":"https:\/\/ventspils.citro.lv\/ru\/wp-json\/wp\/v2\/product\/1016530"}],"collection":[{"href":"https:\/\/ventspils.citro.lv\/ru\/wp-json\/wp\/v2\/product"}],"about":[{"href":"https:\/\/ventspils.citro.lv\/ru\/wp-json\/wp\/v2\/types\/product"}],"wp:featuredmedia":[{"embeddable":true,"href":"https:\/\/ventspils.citro.lv\/ru\/wp-json\/wp\/v2\/media\/1255769"}],"wp:attachment":[{"href":"https:\/\/ventspils.citro.lv\/ru\/wp-json\/wp\/v2\/media?parent=1016530"}],"wp:term":[{"taxonomy":"product_cat","embeddable":true,"href":"https:\/\/ventspils.citro.lv\/ru\/wp-json\/wp\/v2\/product_cat?post=1016530"},{"taxonomy":"product_tag","embeddable":true,"href":"https:\/\/ventspils.citro.lv\/ru\/wp-json\/wp\/v2\/product_tag?post=1016530"}],"curies":[{"name":"wp","href":"https:\/\/api.w.org\/{rel}","templated":true}]}}