{"id":1014651,"date":"2026-04-06T01:27:40","date_gmt":"2026-04-05T22:27:40","guid":{"rendered":"https:\/\/ventspils.citro.lv\/veikals\/olivella-extra-virgin-costa-doro-750ml\/"},"modified":"2026-04-06T01:27:50","modified_gmt":"2026-04-05T22:27:50","slug":"olivella-extra-virgin-costa-doro-750ml","status":"publish","type":"product","link":"https:\/\/ventspils.citro.lv\/ru\/veikals\/olivella-extra-virgin-costa-doro-750ml\/","title":{"rendered":"Ol\u012bve\u013c\u013ca Extra Virgin Costa D&#8217;oro 750ml"},"content":{"rendered":"","protected":false},"excerpt":{"rendered":"<p>18.65 \u20ac\/l<\/p>\n","protected":false},"featured_media":1239967,"template":"","meta":{"_acf_changed":false,"inline_featured_image":false},"product_cat":[116,164],"product_tag":[],"acf":[],"aioseo_notices":[],"_links":{"self":[{"href":"https:\/\/ventspils.citro.lv\/ru\/wp-json\/wp\/v2\/product\/1014651"}],"collection":[{"href":"https:\/\/ventspils.citro.lv\/ru\/wp-json\/wp\/v2\/product"}],"about":[{"href":"https:\/\/ventspils.citro.lv\/ru\/wp-json\/wp\/v2\/types\/product"}],"wp:featuredmedia":[{"embeddable":true,"href":"https:\/\/ventspils.citro.lv\/ru\/wp-json\/wp\/v2\/media\/1239967"}],"wp:attachment":[{"href":"https:\/\/ventspils.citro.lv\/ru\/wp-json\/wp\/v2\/media?parent=1014651"}],"wp:term":[{"taxonomy":"product_cat","embeddable":true,"href":"https:\/\/ventspils.citro.lv\/ru\/wp-json\/wp\/v2\/product_cat?post=1014651"},{"taxonomy":"product_tag","embeddable":true,"href":"https:\/\/ventspils.citro.lv\/ru\/wp-json\/wp\/v2\/product_tag?post=1014651"}],"curies":[{"name":"wp","href":"https:\/\/api.w.org\/{rel}","templated":true}]}}