{"id":1014167,"date":"2026-04-10T09:18:56","date_gmt":"2026-04-10T06:18:56","guid":{"rendered":"https:\/\/ventspils.citro.lv\/veikals\/biezpiens-smiltene-graudainais-0-5-200g\/"},"modified":"2026-04-13T11:13:47","modified_gmt":"2026-04-13T08:13:47","slug":"biezpiens-smiltene-graudainais-0-5-200g","status":"publish","type":"product","link":"https:\/\/ventspils.citro.lv\/ru\/veikals\/biezpiens-smiltene-graudainais-0-5-200g\/","title":{"rendered":"Biezpiens Smiltene graudainais 0.5% 200g"},"content":{"rendered":"<p>V\u0100JPIENS, piensk\u0101bo bakt\u0113riju t\u012brkult\u016bra.<\/p>\n","protected":false},"excerpt":{"rendered":"<p>5.45 \u20ac\/kg<\/p>\n","protected":false},"featured_media":1244133,"template":"","meta":{"_acf_changed":false,"inline_featured_image":false},"product_cat":[95,96],"product_tag":[],"acf":[],"aioseo_notices":[],"_links":{"self":[{"href":"https:\/\/ventspils.citro.lv\/ru\/wp-json\/wp\/v2\/product\/1014167"}],"collection":[{"href":"https:\/\/ventspils.citro.lv\/ru\/wp-json\/wp\/v2\/product"}],"about":[{"href":"https:\/\/ventspils.citro.lv\/ru\/wp-json\/wp\/v2\/types\/product"}],"wp:featuredmedia":[{"embeddable":true,"href":"https:\/\/ventspils.citro.lv\/ru\/wp-json\/wp\/v2\/media\/1244133"}],"wp:attachment":[{"href":"https:\/\/ventspils.citro.lv\/ru\/wp-json\/wp\/v2\/media?parent=1014167"}],"wp:term":[{"taxonomy":"product_cat","embeddable":true,"href":"https:\/\/ventspils.citro.lv\/ru\/wp-json\/wp\/v2\/product_cat?post=1014167"},{"taxonomy":"product_tag","embeddable":true,"href":"https:\/\/ventspils.citro.lv\/ru\/wp-json\/wp\/v2\/product_tag?post=1014167"}],"curies":[{"name":"wp","href":"https:\/\/api.w.org\/{rel}","templated":true}]}}