{"id":1011409,"date":"2025-08-28T03:00:54","date_gmt":"2025-08-28T00:00:54","guid":{"rendered":"https:\/\/ventspils.citro.lv\/veikals\/kalmars-kaltetssalits-fischa-20g\/"},"modified":"2026-02-09T11:25:15","modified_gmt":"2026-02-09T09:25:15","slug":"kalmars-kaltetssalits-fischa-20g","status":"publish","type":"product","link":"https:\/\/ventspils.citro.lv\/ru\/veikals\/kalmars-kaltetssalits-fischa-20g\/","title":{"rendered":"Kalm\u0101rs kalt\u0113ts,s\u0101l\u012bts Fischa 20g"},"content":{"rendered":"","protected":false},"excerpt":{"rendered":"<p>49.50 \u20ac\/kg<\/p>\n","protected":false},"featured_media":1114586,"template":"","meta":{"_acf_changed":false,"inline_featured_image":false},"product_cat":[550,135],"product_tag":[],"acf":[],"aioseo_notices":[],"_links":{"self":[{"href":"https:\/\/ventspils.citro.lv\/ru\/wp-json\/wp\/v2\/product\/1011409"}],"collection":[{"href":"https:\/\/ventspils.citro.lv\/ru\/wp-json\/wp\/v2\/product"}],"about":[{"href":"https:\/\/ventspils.citro.lv\/ru\/wp-json\/wp\/v2\/types\/product"}],"wp:featuredmedia":[{"embeddable":true,"href":"https:\/\/ventspils.citro.lv\/ru\/wp-json\/wp\/v2\/media\/1114586"}],"wp:attachment":[{"href":"https:\/\/ventspils.citro.lv\/ru\/wp-json\/wp\/v2\/media?parent=1011409"}],"wp:term":[{"taxonomy":"product_cat","embeddable":true,"href":"https:\/\/ventspils.citro.lv\/ru\/wp-json\/wp\/v2\/product_cat?post=1011409"},{"taxonomy":"product_tag","embeddable":true,"href":"https:\/\/ventspils.citro.lv\/ru\/wp-json\/wp\/v2\/product_tag?post=1011409"}],"curies":[{"name":"wp","href":"https:\/\/api.w.org\/{rel}","templated":true}]}}