{"id":1008534,"date":"2026-05-12T08:15:24","date_gmt":"2026-05-12T05:15:24","guid":{"rendered":"https:\/\/ventspils.citro.lv\/veikals\/tualetes-papirs-grite-blossom-3slani-8rulli-2\/"},"modified":"2026-05-12T08:15:28","modified_gmt":"2026-05-12T05:15:28","slug":"tualetes-papirs-grite-blossom-3slani-8rulli-2","status":"publish","type":"product","link":"https:\/\/ventspils.citro.lv\/ru\/veikals\/tualetes-papirs-grite-blossom-3slani-8rulli-2\/","title":{"rendered":"Tualetes pap\u012brs Grite Blossom 3sl\u0101\u0146i 8ru\u013c\u013ci"},"content":{"rendered":"","protected":false},"excerpt":{"rendered":"<p>0.50 \u20ac\/gb<\/p>\n","protected":false},"featured_media":1259866,"template":"","meta":{"_acf_changed":false,"inline_featured_image":false},"product_cat":[131,163],"product_tag":[],"acf":[],"aioseo_notices":[],"_links":{"self":[{"href":"https:\/\/ventspils.citro.lv\/ru\/wp-json\/wp\/v2\/product\/1008534"}],"collection":[{"href":"https:\/\/ventspils.citro.lv\/ru\/wp-json\/wp\/v2\/product"}],"about":[{"href":"https:\/\/ventspils.citro.lv\/ru\/wp-json\/wp\/v2\/types\/product"}],"wp:featuredmedia":[{"embeddable":true,"href":"https:\/\/ventspils.citro.lv\/ru\/wp-json\/wp\/v2\/media\/1259866"}],"wp:attachment":[{"href":"https:\/\/ventspils.citro.lv\/ru\/wp-json\/wp\/v2\/media?parent=1008534"}],"wp:term":[{"taxonomy":"product_cat","embeddable":true,"href":"https:\/\/ventspils.citro.lv\/ru\/wp-json\/wp\/v2\/product_cat?post=1008534"},{"taxonomy":"product_tag","embeddable":true,"href":"https:\/\/ventspils.citro.lv\/ru\/wp-json\/wp\/v2\/product_tag?post=1008534"}],"curies":[{"name":"wp","href":"https:\/\/api.w.org\/{rel}","templated":true}]}}