{"id":1007457,"date":"2026-03-28T02:36:15","date_gmt":"2026-03-28T00:36:15","guid":{"rendered":"https:\/\/ventspils.citro.lv\/veikals\/margarins-schedro-ar-sviesta-garsu-82-500g\/"},"modified":"2026-03-28T02:36:20","modified_gmt":"2026-03-28T00:36:20","slug":"margarins-schedro-ar-sviesta-garsu-82-500g","status":"publish","type":"product","link":"https:\/\/ventspils.citro.lv\/ru\/veikals\/margarins-schedro-ar-sviesta-garsu-82-500g\/","title":{"rendered":"Margar\u012bns Schedro ar sviesta gar\u0161u 82% 500g"},"content":{"rendered":"<p>Sast\u0101vda\u013cas: rafin\u0113tas dezodor\u0113tas palmu un saulespu\u0137u e\u013c\u013cas, dzeramais \u016bdens, emulgatori (E471, 475, sojas lecit\u012bns), s\u0101ls, konservants sorb\u012bnsk\u0101be, aromatiz\u0113t\u0101js &#171;Sviests&#187; , sk\u0101buma regul\u0113t\u0101js citronsk\u0101be, beta-karot\u012bna kr\u0101sviela.<\/p>\n","protected":false},"excerpt":{"rendered":"<p>3.78 \u20ac\/kg<\/p>\n","protected":false},"featured_media":1237483,"template":"","meta":{"_acf_changed":false,"inline_featured_image":false},"product_cat":[95,176],"product_tag":[],"acf":[],"aioseo_notices":[],"_links":{"self":[{"href":"https:\/\/ventspils.citro.lv\/ru\/wp-json\/wp\/v2\/product\/1007457"}],"collection":[{"href":"https:\/\/ventspils.citro.lv\/ru\/wp-json\/wp\/v2\/product"}],"about":[{"href":"https:\/\/ventspils.citro.lv\/ru\/wp-json\/wp\/v2\/types\/product"}],"wp:featuredmedia":[{"embeddable":true,"href":"https:\/\/ventspils.citro.lv\/ru\/wp-json\/wp\/v2\/media\/1237483"}],"wp:attachment":[{"href":"https:\/\/ventspils.citro.lv\/ru\/wp-json\/wp\/v2\/media?parent=1007457"}],"wp:term":[{"taxonomy":"product_cat","embeddable":true,"href":"https:\/\/ventspils.citro.lv\/ru\/wp-json\/wp\/v2\/product_cat?post=1007457"},{"taxonomy":"product_tag","embeddable":true,"href":"https:\/\/ventspils.citro.lv\/ru\/wp-json\/wp\/v2\/product_tag?post=1007457"}],"curies":[{"name":"wp","href":"https:\/\/api.w.org\/{rel}","templated":true}]}}