{"id":1007141,"date":"2026-04-21T01:27:52","date_gmt":"2026-04-20T22:27:52","guid":{"rendered":"https:\/\/ventspils.citro.lv\/veikals\/pudins-alma-avenu-maskarpone-230g\/"},"modified":"2026-04-21T01:28:06","modified_gmt":"2026-04-20T22:28:06","slug":"pudins-alma-avenu-maskarpone-230g","status":"publish","type":"product","link":"https:\/\/ventspils.citro.lv\/ru\/veikals\/pudins-alma-avenu-maskarpone-230g\/","title":{"rendered":"Pudi\u0146\u0161 Alma ave\u0146u maskarpone 230g"},"content":{"rendered":"<p>PIENS, SALDAIS KR\u0112JUMS, cukurs, modific\u0113ta ciete, V\u0100JPIENA PULVERIS, aromatiz\u0113t\u0101js, biezin\u0101t\u0101ji (gu\u0101ra sve\u0137i, karagin\u0101ns), dab\u012bgs aromatiz\u0113t\u0101js.<\/p>\n","protected":false},"excerpt":{"rendered":"<p>4.57 \u20ac\/kg<\/p>\n","protected":false},"featured_media":1247645,"template":"","meta":{"_acf_changed":false,"inline_featured_image":false},"product_cat":[95,100],"product_tag":[],"acf":[],"aioseo_notices":[],"_links":{"self":[{"href":"https:\/\/ventspils.citro.lv\/ru\/wp-json\/wp\/v2\/product\/1007141"}],"collection":[{"href":"https:\/\/ventspils.citro.lv\/ru\/wp-json\/wp\/v2\/product"}],"about":[{"href":"https:\/\/ventspils.citro.lv\/ru\/wp-json\/wp\/v2\/types\/product"}],"wp:featuredmedia":[{"embeddable":true,"href":"https:\/\/ventspils.citro.lv\/ru\/wp-json\/wp\/v2\/media\/1247645"}],"wp:attachment":[{"href":"https:\/\/ventspils.citro.lv\/ru\/wp-json\/wp\/v2\/media?parent=1007141"}],"wp:term":[{"taxonomy":"product_cat","embeddable":true,"href":"https:\/\/ventspils.citro.lv\/ru\/wp-json\/wp\/v2\/product_cat?post=1007141"},{"taxonomy":"product_tag","embeddable":true,"href":"https:\/\/ventspils.citro.lv\/ru\/wp-json\/wp\/v2\/product_tag?post=1007141"}],"curies":[{"name":"wp","href":"https:\/\/api.w.org\/{rel}","templated":true}]}}