{"id":1007129,"date":"2026-05-12T08:12:13","date_gmt":"2026-05-12T05:12:13","guid":{"rendered":"https:\/\/ventspils.citro.lv\/veikals\/kotletes-ceptas-ikdienas-420g\/"},"modified":"2026-05-12T20:09:15","modified_gmt":"2026-05-12T17:09:15","slug":"kotletes-ceptas-ikdienas-420g","status":"publish","type":"product","link":"https:\/\/ventspils.citro.lv\/ru\/veikals\/kotletes-ceptas-ikdienas-420g\/","title":{"rendered":"Kotletes ceptas Ikdienas 420g"},"content":{"rendered":"<p>Meh\u0101niski atdal\u012bta c\u0101\u013ca ga\u013ca, c\u016bku spe\u0137is, \u016bdens, c\u016bku sirdis, piena olbaltumvielas, sojas olbaltumvielas, cepti s\u012bpoli (s\u012bpoli(76%), palmu e\u013c\u013ca, kvie\u0161u milti, s\u0101ls), kvie\u0161u \u0161\u0137iedrvielas, ciete, s\u0101ls, dekstroze, gar\u0161as pastiprin\u0101t\u0101js E621, stabiliz\u0113t\u0101js E451, malti melnie pipari, kalt\u0113ti \u0137iploki, gar\u0161augi, kr\u0101svielas E120. Produkts var satur\u0113t sinepju da\u013ci\u0146as.<\/p>\n","protected":false},"excerpt":{"rendered":"<p>4.26 \u20ac\/kg<\/p>\n","protected":false},"featured_media":1259854,"template":"","meta":{"_acf_changed":false,"inline_featured_image":false},"product_cat":[135,174],"product_tag":[],"acf":[],"aioseo_notices":[],"_links":{"self":[{"href":"https:\/\/ventspils.citro.lv\/ru\/wp-json\/wp\/v2\/product\/1007129"}],"collection":[{"href":"https:\/\/ventspils.citro.lv\/ru\/wp-json\/wp\/v2\/product"}],"about":[{"href":"https:\/\/ventspils.citro.lv\/ru\/wp-json\/wp\/v2\/types\/product"}],"wp:featuredmedia":[{"embeddable":true,"href":"https:\/\/ventspils.citro.lv\/ru\/wp-json\/wp\/v2\/media\/1259854"}],"wp:attachment":[{"href":"https:\/\/ventspils.citro.lv\/ru\/wp-json\/wp\/v2\/media?parent=1007129"}],"wp:term":[{"taxonomy":"product_cat","embeddable":true,"href":"https:\/\/ventspils.citro.lv\/ru\/wp-json\/wp\/v2\/product_cat?post=1007129"},{"taxonomy":"product_tag","embeddable":true,"href":"https:\/\/ventspils.citro.lv\/ru\/wp-json\/wp\/v2\/product_tag?post=1007129"}],"curies":[{"name":"wp","href":"https:\/\/api.w.org\/{rel}","templated":true}]}}