{"id":100365,"date":"2026-05-15T01:48:58","date_gmt":"2026-05-14T22:48:58","guid":{"rendered":"https:\/\/ventspils.citro.lv\/veikals\/lasa-fileja-mazsalita-skeles-100g\/"},"modified":"2026-05-15T01:49:14","modified_gmt":"2026-05-14T22:49:14","slug":"lasa-fileja-mazsalita-skeles-100g","status":"publish","type":"product","link":"https:\/\/ventspils.citro.lv\/ru\/veikals\/lasa-fileja-mazsalita-skeles-100g\/","title":{"rendered":"La\u0161a fileja mazs\u0101l\u012bta \u0161\u0137\u0113l\u0113s 100g"},"content":{"rendered":"","protected":false},"excerpt":{"rendered":"<p>39.90 \u20ac\/kg<\/p>\n","protected":false},"featured_media":1260971,"template":"","meta":{"_acf_changed":false,"inline_featured_image":false},"product_cat":[543,135],"product_tag":[],"acf":[],"aioseo_notices":[],"_links":{"self":[{"href":"https:\/\/ventspils.citro.lv\/ru\/wp-json\/wp\/v2\/product\/100365"}],"collection":[{"href":"https:\/\/ventspils.citro.lv\/ru\/wp-json\/wp\/v2\/product"}],"about":[{"href":"https:\/\/ventspils.citro.lv\/ru\/wp-json\/wp\/v2\/types\/product"}],"wp:featuredmedia":[{"embeddable":true,"href":"https:\/\/ventspils.citro.lv\/ru\/wp-json\/wp\/v2\/media\/1260971"}],"wp:attachment":[{"href":"https:\/\/ventspils.citro.lv\/ru\/wp-json\/wp\/v2\/media?parent=100365"}],"wp:term":[{"taxonomy":"product_cat","embeddable":true,"href":"https:\/\/ventspils.citro.lv\/ru\/wp-json\/wp\/v2\/product_cat?post=100365"},{"taxonomy":"product_tag","embeddable":true,"href":"https:\/\/ventspils.citro.lv\/ru\/wp-json\/wp\/v2\/product_tag?post=100365"}],"curies":[{"name":"wp","href":"https:\/\/api.w.org\/{rel}","templated":true}]}}