{"id":100364,"date":"2026-02-26T09:12:14","date_gmt":"2026-02-26T07:12:14","guid":{"rendered":"https:\/\/ventspils.citro.lv\/veikals\/lasa-fileja-a-k-skeles-100g\/"},"modified":"2026-03-04T12:13:06","modified_gmt":"2026-03-04T10:13:06","slug":"lasa-fileja-a-k-skeles-100g","status":"publish","type":"product","link":"https:\/\/ventspils.citro.lv\/ru\/veikals\/lasa-fileja-a-k-skeles-100g\/","title":{"rendered":"La\u0161a fileja a\/k \u0161\u0137\u0113l\u0113s 100g"},"content":{"rendered":"","protected":false},"excerpt":{"rendered":"<p>39.90 \u20ac\/kg<\/p>\n","protected":false},"featured_media":1216213,"template":"","meta":{"_acf_changed":false,"inline_featured_image":false},"product_cat":[543,135],"product_tag":[],"acf":[],"aioseo_notices":[],"_links":{"self":[{"href":"https:\/\/ventspils.citro.lv\/ru\/wp-json\/wp\/v2\/product\/100364"}],"collection":[{"href":"https:\/\/ventspils.citro.lv\/ru\/wp-json\/wp\/v2\/product"}],"about":[{"href":"https:\/\/ventspils.citro.lv\/ru\/wp-json\/wp\/v2\/types\/product"}],"wp:featuredmedia":[{"embeddable":true,"href":"https:\/\/ventspils.citro.lv\/ru\/wp-json\/wp\/v2\/media\/1216213"}],"wp:attachment":[{"href":"https:\/\/ventspils.citro.lv\/ru\/wp-json\/wp\/v2\/media?parent=100364"}],"wp:term":[{"taxonomy":"product_cat","embeddable":true,"href":"https:\/\/ventspils.citro.lv\/ru\/wp-json\/wp\/v2\/product_cat?post=100364"},{"taxonomy":"product_tag","embeddable":true,"href":"https:\/\/ventspils.citro.lv\/ru\/wp-json\/wp\/v2\/product_tag?post=100364"}],"curies":[{"name":"wp","href":"https:\/\/api.w.org\/{rel}","templated":true}]}}