{"id":100328,"date":"2026-04-23T08:24:31","date_gmt":"2026-04-23T05:24:31","guid":{"rendered":"https:\/\/ventspils.citro.lv\/veikals\/zemenes-baltaja-sokolade-100g\/"},"modified":"2026-04-23T08:24:41","modified_gmt":"2026-04-23T05:24:41","slug":"zemenes-baltaja-sokolade-100g","status":"publish","type":"product","link":"https:\/\/ventspils.citro.lv\/ru\/veikals\/zemenes-baltaja-sokolade-100g\/","title":{"rendered":"Zemenes baltaj\u0101 \u0161okol\u0101d\u0113 100g"},"content":{"rendered":"","protected":false},"excerpt":{"rendered":"<p>40.90 \u20ac\/kg<\/p>\n","protected":false},"featured_media":1250330,"template":"","meta":{"_acf_changed":false,"inline_featured_image":false},"product_cat":[533,125],"product_tag":[],"acf":[],"aioseo_notices":[],"_links":{"self":[{"href":"https:\/\/ventspils.citro.lv\/ru\/wp-json\/wp\/v2\/product\/100328"}],"collection":[{"href":"https:\/\/ventspils.citro.lv\/ru\/wp-json\/wp\/v2\/product"}],"about":[{"href":"https:\/\/ventspils.citro.lv\/ru\/wp-json\/wp\/v2\/types\/product"}],"wp:featuredmedia":[{"embeddable":true,"href":"https:\/\/ventspils.citro.lv\/ru\/wp-json\/wp\/v2\/media\/1250330"}],"wp:attachment":[{"href":"https:\/\/ventspils.citro.lv\/ru\/wp-json\/wp\/v2\/media?parent=100328"}],"wp:term":[{"taxonomy":"product_cat","embeddable":true,"href":"https:\/\/ventspils.citro.lv\/ru\/wp-json\/wp\/v2\/product_cat?post=100328"},{"taxonomy":"product_tag","embeddable":true,"href":"https:\/\/ventspils.citro.lv\/ru\/wp-json\/wp\/v2\/product_tag?post=100328"}],"curies":[{"name":"wp","href":"https:\/\/api.w.org\/{rel}","templated":true}]}}