{"id":34444,"date":"2020-07-27T14:46:38","date_gmt":"2020-07-27T11:46:38","guid":{"rendered":"https:\/\/ventspils.citro.lv\/piegades-informacija\/"},"modified":"2020-11-30T15:38:18","modified_gmt":"2020-11-30T12:38:18","slug":"%d0%b8%d0%bd%d1%84%d0%be%d1%80%d0%bc%d0%b0%d1%86%d0%b8%d1%8f-%d0%be-%d0%b4%d0%be%d1%81%d1%82%d0%b0%d0%b2%d0%ba%d0%b5","status":"publish","type":"page","link":"https:\/\/ventspils.citro.lv\/ru\/%d0%b8%d0%bd%d1%84%d0%be%d1%80%d0%bc%d0%b0%d1%86%d0%b8%d1%8f-%d0%be-%d0%b4%d0%be%d1%81%d1%82%d0%b0%d0%b2%d0%ba%d0%b5\/","title":{"rendered":"\u0418\u043d\u0444\u043e\u0440\u043c\u0430\u0446\u0438\u044f \u043e \u0434\u043e\u0441\u0442\u0430\u0432\u043a\u0435"},"content":{"rendered":"\n<figure class=\"wp-block-image size-large\"><img decoding=\"async\" src=\"blob:https:\/\/ventspils.citro.lv\/9abfaeda-064e-4c9e-88c9-dd59c05bf657\" alt=\"\"\/><\/figure>\n\n\n<h3><strong>\u0414\u043e\u0441\u0442\u0430\u0432\u043a\u0430<\/strong><\/h3>\n<p>\u0414\u043e\u0441\u0442\u0430\u0432\u043a\u0430 \u043f\u0440\u043e\u0438\u0437\u0432\u043e\u0434\u0438\u0442\u0441\u044f \u043f\u043e \u0430\u0434\u0440\u0435\u0441\u0443, \u043a\u043e\u0442\u043e\u0440\u044b\u0439 \u041a\u043b\u0438\u0435\u043d\u0442 \u0443\u043a\u0430\u0437\u0430\u043b \u043f\u0440\u0438 \u043e\u0444\u043e\u0440\u043c\u043b\u0435\u043d\u0438\u0438 \u0437\u0430\u043a\u0430\u0437\u0430. CITRO \u0434\u043e\u0441\u0442\u0430\u0432\u043b\u044f\u0435\u0442 \u0437\u0430\u043a\u0430\u0437 \u041a\u043b\u0438\u0435\u043d\u0442\u0443 \u0434\u043e \u0433\u043b\u0430\u0432\u043d\u043e\u0433\u043e \u0432\u0445\u043e\u0434\u0430 \u043f\u043e \u0430\u0434\u0440\u0435\u0441\u0443 \u0434\u043e\u0441\u0442\u0430\u0432\u043a\u0438. \u041f\u043e \u043f\u0440\u043e\u0441\u044c\u0431\u0435 \u041a\u043b\u0438\u0435\u043d\u0442\u0430, \u043a\u0443\u0440\u044c\u0435\u0440 \u043c\u043e\u0436\u0435\u0442 \u0434\u043e\u0441\u0442\u0430\u0432\u0438\u0442\u044c \u0437\u0430\u043a\u0430\u0437 \u043f\u043e \u0430\u0434\u0440\u0435\u0441\u0443 \u0434\u043e\u0441\u0442\u0430\u0432\u043a\u0438, \u043d\u0430\u043f\u0440\u0438\u043c\u0435\u0440, \u043e\u0442\u043d\u0435\u0441\u0442\u0438 \u0435\u0433\u043e \u043d\u0430 \u043e\u043f\u0440\u0435\u0434\u0435\u043b\u0435\u043d\u043d\u044b\u0439 \u044d\u0442\u0430\u0436 \u0432 \u043c\u043d\u043e\u0433\u043e\u043a\u0432\u0430\u0440\u0442\u0438\u0440\u043d\u043e\u043c \u0434\u043e\u043c\u0435, \u0442\u043e\u043b\u044c\u043a\u043e \u0435\u0441\u043b\u0438:<\/p>\n<ul>\n<li>\u0443 \u043a\u0443\u0440\u044c\u0435\u0440\u0430 \u0435\u0441\u0442\u044c \u0441\u043e\u0433\u043b\u0430\u0441\u0438\u0435 \u041a\u043b\u0438\u0435\u043d\u0442\u0430, \u0438<\/li>\n<li>\u043d\u0430\u0448 \u043a\u0443\u0440\u044c\u0435\u0440 \u043f\u043e\u0441\u0447\u0438\u0442\u0430\u0435\u0442, \u0447\u0442\u043e \u0432\u044b\u043f\u043e\u043b\u043d\u0438\u0442\u044c \u043f\u0440\u043e\u0441\u044c\u0431\u0443 \u041a\u043b\u0438\u0435\u043d\u0442\u0430 \u044f\u0432\u043b\u044f\u0435\u0442\u0441\u044f \u0431\u0435\u0437\u043e\u043f\u0430\u0441\u043d\u044b\u043c \u0438 \u043f\u0440\u0430\u043a\u0442\u0438\u0447\u043d\u044b\u043c.<\/li>\n<\/ul>\n<p>CITRO \u0432\u0441\u0435\u0433\u0434\u0430 \u043e\u0441\u0442\u0430\u0432\u043b\u044f\u0435\u0442 \u0437\u0430 \u0441\u043e\u0431\u043e\u0439 \u043f\u0440\u0430\u0432\u043e \u0434\u043e\u0441\u0442\u0430\u0432\u043b\u044f\u0442\u044c \u0437\u0430\u043a\u0430\u0437 \u0434\u043e \u0433\u043b\u0430\u0432\u043d\u043e\u0433\u043e \u0432\u0445\u043e\u0434\u0430 \u043f\u043e \u0430\u0434\u0440\u0435\u0441\u0443 \u0434\u043e\u0441\u0442\u0430\u0432\u043a\u0438.<\/p>\n<p>\u0414\u043b\u044f \u0434\u043e\u0441\u0442\u0430\u0432\u043a\u0438 \u041a\u043b\u0438\u0435\u043d\u0442\u0443 \u043f\u043e \u0430\u0434\u0440\u0435\u0441\u0443 \u043a\u043e\u043c\u043f\u0430\u043d\u0438\u0438, CITRO \u043c\u043e\u0436\u0435\u0442 \u043e\u0431\u0435\u0441\u043f\u0435\u0447\u0438\u0442\u044c \u0434\u043e\u0441\u0442\u0430\u0432\u043a\u0443 \u0434\u043e \u0433\u043b\u0430\u0432\u043d\u043e\u0433\u043e \u0432\u0445\u043e\u0434\u0430 \u043d\u0430 \u043f\u0435\u0440\u0432\u044b\u0439 \u044d\u0442\u0430\u0436 \u043a\u043e\u043c\u043f\u0430\u043d\u0438\u0438, \u043d\u043e, \u043a \u0441\u043e\u0436\u0430\u043b\u0435\u043d\u0438\u044e, CITRO \u043d\u0435 \u043c\u043e\u0436\u0435\u0442 \u043e\u0431\u0435\u0441\u043f\u0435\u0447\u0438\u0442\u044c \u0434\u043e\u0441\u0442\u0430\u0432\u043a\u0443 \u0434\u043e \u0441\u0442\u043e\u043b\u0430 \u041a\u043b\u0438\u0435\u043d\u0442\u0430. \u0415\u0441\u043b\u0438 \u0443 \u043a\u043e\u043c\u043f\u0430\u043d\u0438\u0438 \u0435\u0441\u0442\u044c \u043a\u043e\u043d\u0442\u043e\u0440\u043a\u0430 \u043f\u043e\u0440\u0442\u044c\u0435 \u043d\u0430 \u043e\u0431\u0449\u0435\u043c \u044d\u0442\u0430\u0436\u0435, CITRO \u043c\u043e\u0436\u0435\u0442 \u043e\u0431\u0435\u0441\u043f\u0435\u0447\u0438\u0442\u044c \u0434\u043e\u0441\u0442\u0430\u0432\u043a\u0443 \u043a \u043d\u0435\u043c\u0443.<\/p>\n<p>CITRO \u0433\u0430\u0440\u0430\u043d\u0442\u0438\u0440\u0443\u0435\u0442 \u0434\u043e\u0441\u0442\u0430\u0432\u043a\u0443 \u043f\u0440\u043e\u0434\u0443\u043a\u0442\u043e\u0432 \u0432 \u043f\u0440\u0435\u0434\u0435\u043b\u0430\u0445 \u0433\u043e\u0440\u043e\u0434\u0430 Ventspils (\u0432 \u0442\u043e\u043c \u0447\u0438\u0441\u043b\u0435, \u0443\u043b\u0438\u0446\u0430 I.Mi\u010durina), \u043d\u0430\u0441\u0435\u043b\u0435\u043d\u043d\u044b\u0435 \u043f\u0443\u043d\u043a\u0442\u044b T\u0101rgales \u0432\u043e\u043b\u043e\u0441\u0442\u0438 \u0441 \u043f\u043e\u0447\u0442\u043e\u0432\u044b\u043c \u0438\u043d\u0434\u0435\u043a\u0441\u043e\u043c LV-3621, \u0430 \u0442\u0430\u043a\u0436\u0435 P\u012bpi\u0137i, Bu\u0161nieki, Akme\u0146dziras. \u041e \u0442\u043e\u0447\u043d\u043e\u043c \u043c\u0435\u0441\u0442\u0435 \u043f\u0435\u0440\u0435\u0434\u0430\u0447\u0438 \u0442\u043e\u0432\u0430\u0440\u043e\u0432 \u0437\u0430 \u043f\u0440\u0435\u0434\u0435\u043b\u0430\u043c\u0438 \u0433\u043e\u0440\u043e\u0434\u0430, \u043a\u0443\u0440\u044c\u0435\u0440 CITRO \u0434\u043e\u0433\u043e\u0432\u0430\u0440\u0438\u0432\u0430\u0435\u0442\u0441\u044f \u0441 \u041a\u043b\u0438\u0435\u043d\u0442\u043e\u043c \u043b\u0438\u0447\u043d\u043e.<\/p>\n<p>\u0414\u043e\u0441\u0442\u0430\u0432\u043a\u0430 \u043f\u0440\u043e\u0434\u0443\u043a\u0442\u043e\u0432 \u0432\u043e\u0437\u043c\u043e\u0436\u043d\u0430 \u043a\u0430\u0436\u0434\u044b\u0439 \u0434\u0435\u043d\u044c \u043d\u0435\u0434\u0435\u043b\u0438 \u0432 \u0441\u043b\u0435\u0434\u0443\u044e\u0449\u0438\u0435 \u0438\u043d\u0442\u0435\u0440\u0432\u0430\u043b\u044b:<\/p>\n<ul>\n<li>9:00-11:00<\/li>\n<li>11:00-13:00<\/li>\n<li>13:00-15:00<\/li>\n<li>15:00-17:00<\/li>\n<li>17:00-19:00<\/li>\n<li>19:00-21:00<\/li>\n<\/ul>\n<p>\u041a\u0440\u043e\u043c\u0435 \u0410\u043a\u043c\u0435\u043d\u044c\u0434\u0437\u0438\u0440\u0430\u0441 \u2013 \u0442\u0443\u0434\u0430 \u0434\u043e\u0441\u0442\u0430\u0432\u043a\u0430 \u043f\u0440\u043e\u0438\u0437\u0432\u043e\u0434\u0438\u0442\u0441\u044f \u0435\u0436\u0435\u0434\u043d\u0435\u0432\u043d\u043e \u0441 17:00 \u0434\u043e 19:00.<\/p>\n<p><img loading=\"lazy\" decoding=\"async\" class=\"wp-image-20167 size-full alignnone\" src=\"https:\/\/ventspils.citro.lv\/wp-content\/uploads\/2020\/07\/karte-1.jpg\" alt=\"\" width=\"844\" height=\"1053\" srcset=\"https:\/\/ventspils.citro.lv\/wp-content\/uploads\/2020\/07\/karte-1.jpg 844w, https:\/\/ventspils.citro.lv\/wp-content\/uploads\/2020\/07\/karte-1-420x524.jpg 420w, https:\/\/ventspils.citro.lv\/wp-content\/uploads\/2020\/07\/karte-1-64x80.jpg 64w, https:\/\/ventspils.citro.lv\/wp-content\/uploads\/2020\/07\/karte-1-240x300.jpg 240w, https:\/\/ventspils.citro.lv\/wp-content\/uploads\/2020\/07\/karte-1-821x1024.jpg 821w, https:\/\/ventspils.citro.lv\/wp-content\/uploads\/2020\/07\/karte-1-768x958.jpg 768w\" sizes=\"(max-width: 844px) 100vw, 844px\" \/><\/p>\n<p>\u0410\u043b\u043a\u043e\u0433\u043e\u043b\u044c\u043d\u044b\u0435 \u043d\u0430\u043f\u0438\u0442\u043a\u0438 \u0438\u043c\u0435\u044e\u0442 \u043f\u0440\u0430\u0432\u043e \u043f\u043e\u043b\u0443\u0447\u0430\u0442\u044c \u0442\u043e\u043b\u044c\u043a\u043e \u043b\u0438\u0446\u0430, \u0434\u043e\u0441\u0442\u0438\u0433\u0448\u0438\u0435 \u0432\u043e\u0437\u0440\u0430\u0441\u0442\u0430 18 \u043b\u0435\u0442. CITRO \u0441\u043b\u0435\u0434\u0443\u0435\u0442 \u043f\u043e\u043b\u0438\u0442\u0438\u043a\u0435 \u201cDom\u0101 25\u201d. \u041f\u0440\u0438 \u0434\u043e\u0441\u0442\u0430\u0432\u043a\u0435 \u0442\u043e\u0432\u0430\u0440\u043e\u0432 \u0441 \u0432\u043e\u0437\u0440\u0430\u0441\u0442\u043d\u044b\u043c \u043e\u0433\u0440\u0430\u043d\u0438\u0447\u0435\u043d\u0438\u0435\u043c, \u0435\u0441\u043b\u0438 \u043b\u0438\u0446\u043e, \u043f\u043e\u043b\u0443\u0447\u0430\u044e\u0449\u0435\u0435 \u0438\u0445, \u0432\u044b\u0433\u043b\u044f\u0434\u0438\u0442 \u043c\u043e\u043b\u043e\u0436\u0435 25 \u043b\u0435\u0442, \u0435\u0433\u043e \u043f\u043e\u043f\u0440\u043e\u0441\u044f\u0442 \u043f\u0440\u0435\u0434\u043e\u0441\u0442\u0430\u0432\u0438\u0442\u044c \u043f\u043e\u0434\u0442\u0432\u0435\u0440\u0436\u0434\u0435\u043d\u0438\u0435 \u0432\u043e\u0437\u0440\u0430\u0441\u0442\u0430. \u0415\u0441\u043b\u0438 \u0434\u043e\u043a\u0443\u043c\u0435\u043d\u0442, \u043f\u043e\u0434\u0442\u0432\u0435\u0440\u0436\u0434\u0430\u044e\u0449\u0438\u0439 \u0432\u043e\u0437\u0440\u0430\u0441\u0442, \u043d\u0435\u0434\u043e\u0441\u0442\u0443\u043f\u0435\u043d \u0438 \u043f\u043e \u0430\u0434\u0440\u0435\u0441\u0443 \u043d\u0435\u0442 \u043d\u0438\u043a\u043e\u0433\u043e \u0441\u0442\u0430\u0440\u0448\u0435 18 \u043b\u0435\u0442, \u0442\u043e\u0432\u0430\u0440\u044b \u043e\u0441\u0442\u0430\u043d\u0443\u0442\u0441\u044f \u0443 \u043a\u0443\u0440\u044c\u0435\u0440\u0430.<\/p>\n<p>\u0412 \u0441\u043b\u0443\u0447\u0430\u044f\u0445, \u043a\u043e\u0433\u0434\u0430 \u043c\u044b \u0434\u043e\u0441\u0442\u0430\u0432\u043b\u044f\u0435\u043c \u0437\u0430\u043a\u0430\u0437 \u041a\u043b\u0438\u0435\u043d\u0442\u0430 \u0432 \u0443\u043a\u0430\u0437\u0430\u043d\u043d\u043e\u0435 \u0438\u043c \u0432\u0440\u0435\u043c\u044f, \u043d\u043e \u043f\u043e \u0430\u0434\u0440\u0435\u0441\u0443 \u043d\u0435\u0442 \u043d\u0438\u043a\u043e\u0433\u043e, \u043a\u0442\u043e \u0441\u043c\u043e\u0436\u0435\u0442 \u043f\u043e\u043b\u0443\u0447\u0438\u0442\u044c \u0437\u0430\u043a\u0430\u0437, \u041a\u043b\u0438\u0435\u043d\u0442 \u0431\u0443\u0434\u0435\u0442 \u043f\u0440\u043e\u0438\u043d\u0444\u043e\u0440\u043c\u0438\u0440\u043e\u0432\u0430\u043d, \u0438 \u041a\u043b\u0438\u0435\u043d\u0442\u0443 \u043d\u0435\u043e\u0431\u0445\u043e\u0434\u0438\u043c\u043e \u0431\u0443\u0434\u0435\u0442 \u0441\u0432\u044f\u0437\u0430\u0442\u044c\u0441\u044f \u0441 \u043d\u0430\u0448\u0438\u043c \u0426\u0435\u043d\u0442\u0440\u043e\u043c \u043f\u043e\u0434\u0434\u0435\u0440\u0436\u043a\u0438 \u043a\u043b\u0438\u0435\u043d\u0442\u043e\u0432, \u0447\u0442\u043e\u0431\u044b \u0441\u043e\u0433\u043b\u0430\u0441\u043e\u0432\u0430\u0442\u044c \u043d\u043e\u0432\u043e\u0435 \u0432\u0440\u0435\u043c\u044f \u0434\u043e\u0441\u0442\u0430\u0432\u043a\u0438 \u0438\u043b\u0438 \u043f\u043e\u043b\u0443\u0447\u0438\u0442\u044c \u0437\u0430\u043a\u0430\u0437 \u041a\u043b\u0438\u0435\u043d\u0442\u0430.<\/p>\n<p>\u0412 \u044d\u0442\u0438\u0445 \u0441\u043b\u0443\u0447\u0430\u044f\u0445, \u0435\u0441\u043b\u0438 CITRO \u0435\u0441\u043b\u0438 \u0437\u0430\u043a\u0430\u0437 \u0434\u043e\u043b\u0436\u0435\u043d \u0431\u044b\u0442\u044c \u0432\u043e\u0437\u0432\u0440\u0430\u0449\u0435\u043d, \u041a\u043b\u0438\u0435\u043d\u0442 \u043c\u043e\u0436\u0435\u0442 \u0431\u044b\u0442\u044c \u043e\u0431\u044f\u0437\u0430\u043d \u0443\u043f\u043b\u0430\u0442\u0438\u0442\u044c \u0434\u043e\u043f\u043e\u043b\u043d\u0438\u0442\u0435\u043b\u044c\u043d\u0443\u044e \u043f\u043b\u0430\u0442\u0443, \u0435\u0441\u043b\u0438 \u043a\u0443\u0440\u044c\u0435\u0440 \u043f\u044b\u0442\u0430\u043b\u0441\u044f \u0434\u043e\u0441\u0442\u0430\u0432\u0438\u0442\u044c \u0437\u0430\u043a\u0430\u0437 \u041a\u043b\u0438\u0435\u043d\u0442\u0430 \u0432 \u0441\u0440\u043e\u043a\u0438, \u0443\u043a\u0430\u0437\u0430\u043d\u043d\u044b\u0435 \u041a\u043b\u0438\u0435\u043d\u0442\u043e\u043c.<\/p>\n<p>\u0425\u043e\u0442\u044f CITRO \u0441\u0442\u0430\u0440\u0430\u0435\u0442\u0441\u044f \u0441\u0434\u0435\u043b\u0430\u0442\u044c \u0432\u0441\u0435 \u043d\u0435\u043e\u0431\u0445\u043e\u0434\u0438\u043c\u043e\u0435, \u0447\u0442\u043e\u0431\u044b \u0433\u0430\u0440\u0430\u043d\u0442\u0438\u0440\u043e\u0432\u0430\u0442\u044c, \u0447\u0442\u043e \u0437\u0430\u043a\u0430\u0437 \u041a\u043b\u0438\u0435\u043d\u0442\u0430 \u0431\u0443\u0434\u0435\u0442 \u0434\u043e\u0441\u0442\u0430\u0432\u043b\u0435\u043d \u0432 \u043e\u0433\u043e\u0432\u043e\u0440\u0435\u043d\u043d\u043e\u0435 \u0432\u0440\u0435\u043c\u044f, CITRO \u043d\u0435 \u043d\u0435\u0441\u0435\u0442 \u043d\u0438\u043a\u0430\u043a\u043e\u0439 \u043e\u0442\u0432\u0435\u0442\u0441\u0442\u0432\u0435\u043d\u043d\u043e\u0441\u0442\u0438 \u043f\u043e\u043b\u043d\u043e\u0435 \u0438\u043b\u0438 \u0447\u0430\u0441\u0442\u0438\u0447\u043d\u043e\u0435 \u043d\u0435\u0441\u043e\u0431\u043b\u044e\u0434\u0435\u043d\u0438\u0435 \u044d\u0442\u043e\u0433\u043e \u0441\u0440\u043e\u043a\u0430, \u0435\u0441\u043b\u0438 \u044d\u0442\u043e \u043d\u0430\u0440\u0443\u0448\u0435\u043d\u0438\u0435 \u043f\u0440\u043e\u0438\u0437\u043e\u0448\u043b\u043e \u043f\u043e \u0432\u0438\u043d\u0435 \u041a\u043b\u0438\u0435\u043d\u0442\u0430 \u0438\u043b\u0438 \u043f\u043e \u0434\u0440\u0443\u0433\u0438\u043c \u0444\u043e\u0440\u0441-\u043c\u0430\u0436\u043e\u0440\u043d\u044b\u043c \u043e\u0431\u0441\u0442\u043e\u044f\u0442\u0435\u043b\u044c\u0441\u0442\u0432\u0430\u043c.<\/p>\n<h3><strong>\u041f\u0443\u043d\u043a\u0442 \u0441\u0430\u043c\u043e\u0432\u044b\u0432\u043e\u0437\u0430<\/strong><\/h3>\n<p>\u0415\u0441\u043b\u0438 \u041a\u043b\u0438\u0435\u043d\u0442 \u0432\u044b\u0431\u0435\u0440\u0435\u0442 \u043f\u043e\u043b\u0443\u0447\u0438\u0442\u044c \u0441\u0432\u043e\u0439 \u0437\u0430\u043a\u0430\u0437 \u0432 \u043c\u0430\u0433\u0430\u0437\u0438\u043d\u0435, \u0441\u0440\u043e\u043a \u0438 \u043c\u0430\u0433\u0430\u0437\u0438\u043d \u0434\u043b\u044f \u043f\u043e\u043b\u0443\u0447\u0435\u043d\u0438\u044f \u0437\u0430\u043a\u0430\u0437\u0430 \u0431\u0443\u0434\u0443\u0442 \u043e\u043f\u0440\u0435\u0434\u0435\u043b\u0435\u043d\u044b, \u043a\u043e\u0433\u0434\u0430 \u041f\u043e\u043a\u0443\u043f\u0430\u0442\u0435\u043b\u044c \u0431\u0443\u0434\u0435\u0442 \u0434\u0435\u043b\u0430\u0442\u044c \u0437\u0430\u043a\u0430\u0437.<\/p>\n<p>\u041f\u043e\u043b\u0443\u0447\u0435\u043d\u0438\u0435 \u0437\u0430\u043a\u0430\u0437\u0430 \u0432\u043e\u0437\u043c\u043e\u0436\u043d\u043e \u0442\u043e\u043b\u044c\u043a\u043e \u0432 \u0437\u0430\u0440\u0435\u0437\u0435\u0440\u0432\u0438\u0440\u043e\u0432\u0430\u043d\u043d\u044b\u0439 \u041a\u043b\u0438\u0435\u043d\u0442\u043e\u043c \u043f\u0435\u0440\u0438\u043e\u0434 \u0432\u0440\u0435\u043c\u0435\u043d\u0438. \u0423 \u041a\u043b\u0438\u0435\u043d\u0442\u0430 \u043d\u0435 \u0431\u0443\u0434\u0435\u0442 \u0432\u043e\u0437\u043c\u043e\u0436\u043d\u043e\u0441\u0442\u0438 \u0437\u0430\u0431\u0440\u0430\u0442\u044c \u0437\u0430\u043a\u0430\u0437 \u0440\u0430\u043d\u044c\u0448\u0435, \u0447\u0435\u043c \u0432 \u0443\u043a\u0430\u0437\u0430\u043d\u043d\u043e\u0435 \u0432\u0440\u0435\u043c\u044f. \u0415\u0441\u043b\u0438 \u041a\u043b\u0438\u0435\u043d\u0442 \u044f\u0432\u0438\u0442\u0441\u044f \u043f\u043e\u0437\u0436\u0435, \u041a\u043b\u0438\u0435\u043d\u0442, \u0432\u043e\u0437\u043c\u043e\u0436\u043d\u043e, \u0441\u043c\u043e\u0436\u0435\u0442 \u0437\u0430\u0431\u0440\u0430\u0442\u044c \u0437\u0430\u043a\u0430\u0437 \u2013 \u043f\u0440\u043e\u0441\u0438\u043c \u0441\u0432\u044f\u0437\u0430\u0442\u044c\u0441\u044f \u0441 \u043f\u0435\u0440\u0441\u043e\u043d\u0430\u043b\u043e\u043c \u0443\u043a\u0430\u0437\u0430\u043d\u043d\u043e\u0433\u043e CITRO \u043f\u0443\u043d\u043a\u0442\u0430 \u043f\u043e\u043b\u0443\u0447\u0435\u043d\u0438\u044f \u0437\u0430\u043a\u0430\u0437\u0430 \u0438\u043b\u0438 \u0441\u043e \u0421\u043b\u0443\u0436\u0431\u043e\u0439 \u043f\u043e\u0434\u0434\u0435\u0440\u0436\u043a\u0438 \u043a\u043b\u0438\u0435\u043d\u0442\u043e\u0432, \u0447\u0442\u043e\u0431\u044b \u0432\u044b\u044f\u0441\u043d\u0438\u0442\u044c \u0432\u043e\u0437\u043c\u043e\u0436\u043d\u043e\u0441\u0442\u044c \u043f\u043e\u043b\u0443\u0447\u0435\u043d\u0438\u044f \u0437\u0430\u043a\u0430\u0437\u0430.<\/p>\n<p>\u0417\u0430\u043a\u0430\u0437\u044b \u0432\u044b\u0434\u0430\u044e\u0442\u0441\u044f \u0432 \u0442\u0435\u0447\u0435\u043d\u0438\u0435 \u0432\u0441\u0435\u0439 \u043d\u0435\u0434\u0435\u043b\u0438 \u0441 9:00 \u0434\u043e 21:00.<\/p>\n<p>\u041d\u0430\u043f\u0438\u0442\u043a\u0438, \u0441\u043e\u0434\u0435\u0440\u0436\u0430\u0449\u0438\u0435 \u0430\u043b\u043a\u043e\u0433\u043e\u043b\u044c, \u043c\u043e\u0433\u0443\u0442 \u0431\u044b\u0442\u044c \u043f\u043e\u043b\u0443\u0447\u0435\u043d\u044b \u0442\u043e\u043b\u044c\u043a\u043e \u043f\u043e \u043f\u0440\u0435\u0434\u044a\u044f\u0432\u043b\u0435\u043d\u0438\u0438 \u0434\u043e\u043a\u0443\u043c\u0435\u043d\u0442\u0430, \u0443\u0434\u043e\u0441\u0442\u043e\u0432\u0435\u0440\u044f\u044e\u0449\u0435\u0433\u043e \u043b\u0438\u0447\u043d\u043e\u0441\u0442\u044c (\u0434\u0435\u0439\u0441\u0442\u0432\u0443\u044e\u0449\u0430\u044f ID \u043a\u0430\u0440\u0442\u0430 \u0438\u043b\u0438 \u043f\u0430\u0441\u043f\u043e\u0440\u0442).<\/p>\n<p>\u0415\u0441\u043b\u0438 \u041a\u043b\u0438\u0435\u043d\u0442 \u043d\u0435 \u044f\u0432\u0438\u0442\u0441\u044f \u0432 \u0441\u0440\u043e\u043a, \u0437\u0430\u0440\u0435\u0437\u0435\u0440\u0432\u0438\u0440\u043e\u0432\u0430\u043d\u043d\u044b\u0439 \u0434\u043b\u044f \u0432\u044b\u0434\u0430\u0447\u0438 \u0435\u0433\u043e \u0437\u0430\u043a\u0430\u0437\u0430, CITRO \u0438\u043c\u0435\u0435\u0442 \u043f\u0440\u0430\u0432\u043e \u0430\u043d\u043d\u0443\u043b\u0438\u0440\u043e\u0432\u0430\u0442\u044c \u0437\u0430\u043a\u0430\u0437 \u0438 \u0432\u0435\u0440\u043d\u0443\u0442\u044c \u041a\u043b\u0438\u0435\u043d\u0442\u0443 \u0441\u0443\u043c\u043c\u0443, \u0438\u0441\u043f\u043e\u043b\u044c\u0437\u0443\u044f \u043c\u0435\u0442\u043e\u0434 \u043e\u043f\u043b\u0430\u0442\u044b, \u0438\u0441\u043f\u043e\u043b\u044c\u0437\u043e\u0432\u0430\u043d\u043d\u044b\u0439 \u0440\u0430\u043d\u0435\u0435 \u041a\u043b\u0438\u0435\u043d\u0442\u043e\u043c, \u0437\u0430 \u0442\u0435 \u043f\u0440\u043e\u0434\u0443\u043a\u0442\u044b \u0438\u0437 \u0437\u0430\u043a\u0430\u0437\u0430, \u043a\u043e\u0442\u043e\u0440\u044b\u0435 \u043c\u043e\u0436\u043d\u043e \u0432\u0435\u0440\u043d\u0443\u0442\u044c \u0432 \u043f\u0440\u043e\u0434\u0430\u0436\u0443. CITRO \u043e\u0441\u0442\u0430\u0432\u043b\u044f\u0435\u0442 \u0437\u0430 \u0441\u043e\u0431\u043e\u0439 \u043f\u0440\u0430\u0432\u043e \u0443\u0434\u0435\u0440\u0436\u0430\u0442\u044c \u043f\u043b\u0430\u0442\u0443 \u0437\u0430 \u0447\u0430\u0441\u0442\u044c \u0437\u0430\u043a\u0430\u0437\u0430, \u043a\u043e\u0442\u043e\u0440\u0443\u044e \u043d\u0435\u043b\u044c\u0437\u044f \u0432\u0435\u0440\u043d\u0443\u0442\u044c \u0432 \u043f\u0440\u043e\u0434\u0430\u0436\u0443, \u0432 \u0442\u043e\u043c \u0447\u0438\u0441\u043b\u0435, \u0441\u0440\u0435\u0434\u0438 \u043f\u0440\u043e\u0447\u0435\u0433\u043e, \u0437\u0430 \u0441\u043a\u043e\u0440\u043e\u043f\u043e\u0440\u0442\u044f\u0449\u0438\u0435\u0441\u044f \u043f\u0440\u043e\u0434\u0443\u043a\u0442\u044b.<\/p>\n<h3><strong>\u0420\u0430\u0441\u0445\u043e\u0434\u044b \u043d\u0430 \u0434\u043e\u0441\u0442\u0430\u0432\u043a\u0443<\/strong><\/h3>\n<p>\u0414\u043e\u043f\u043e\u043b\u043d\u0438\u0442\u0435\u043b\u044c\u043d\u043e \u043a \u0446\u0435\u043d\u0435 \u0442\u043e\u0432\u0430\u0440\u043e\u0432 \u0438 \u0443\u043f\u0430\u043a\u043e\u0432\u043a\u0438, \u041a\u043b\u0438\u0435\u043d\u0442 \u0434\u043e\u043b\u0436\u0435\u043d \u043e\u043f\u043b\u0430\u0442\u0438\u0442\u044c \u0443\u0441\u043b\u0443\u0433\u0438 \u0434\u043e\u0441\u0442\u0430\u0432\u043a\u0438 3 EUR \u0437\u0430 \u0434\u043e\u0441\u0442\u0430\u0432\u043a\u0443 \u043d\u0430 \u0434\u043e\u043c, \u0435\u0441\u043b\u0438 \u043e\u0431\u0449\u0430\u044f \u0441\u0442\u043e\u0438\u043c\u043e\u0441\u0442\u044c \u0442\u043e\u0432\u0430\u0440\u043e\u0432 \u043c\u0435\u043d\u044c\u0448\u0435&nbsp; 20,00 EUR. \u041f\u043b\u0430\u0442\u0430 \u0437\u0430 \u0434\u043e\u0441\u0442\u0430\u0432\u043a\u0443 \u043d\u0435 \u043f\u0440\u0438\u043c\u0435\u043d\u044f\u0435\u0442\u0441\u044f \u0432 \u0441\u043b\u0443\u0447\u0430\u0435, \u0435\u0441\u043b\u0438 \u043e\u0431\u0449\u0430\u044f \u0441\u0442\u043e\u0438\u043c\u043e\u0441\u0442\u044c \u0442\u043e\u0432\u0430\u0440\u043e\u0432 \u0441\u043e\u0441\u0442\u0430\u0432\u043b\u044f\u0435\u0442 20,00 EUR \u0438 \u0431\u043e\u043b\u044c\u0448\u0435.<\/p>\n<p class=\"p1\">\u0417\u0430 \u0434\u043e\u0441\u0442\u0430\u0432\u043a\u0443 \u0442\u043e\u0432\u0430\u0440\u0430 \u0432 <strong>Akme\u0146dziras <\/strong>\u0432\u0437\u0438\u043c\u0430\u0435\u0442\u0441\u044f \u0434\u043e\u043f\u043e\u043b\u043d\u0438\u0442\u0435\u043b\u044c\u043d\u0430\u044f \u043f\u043b\u0430\u0442\u0430 \u0432 \u0440\u0430\u0437\u043c\u0435\u0440\u0435 2 EUR, \u043d\u0435\u0437\u0430\u0432\u0438\u0441\u0438\u043c\u043e \u043e\u0442 \u0441\u0443\u043c\u043c\u044b \u0437\u0430\u043a\u0430\u0437\u0430. \u0415\u0441\u043b\u0438 \u043e\u0431\u0449\u0430\u044f \u0441\u0443\u043c\u043c\u0430 \u0442\u043e\u0432\u0430\u0440\u043e\u0432 \u0438 \u0443\u043f\u0430\u043a\u043e\u0432\u043a\u0438 \u043c\u0435\u043d\u044c\u0448\u0435 20,00 EUR, \u0442\u043e \u0437\u0430 \u0443\u0441\u043b\u0443\u0433\u0438 \u0434\u043e\u0441\u0442\u0430\u0432\u043a\u0438 \u043d\u0430 \u0434\u043e\u043c \u0432\u0437\u0438\u043c\u0430\u0435\u0442\u0441\u044f \u0434\u043e\u043f\u043e\u043b\u043d\u0438\u0442\u0435\u043b\u044c\u043d\u0430\u044f \u043f\u043b\u0430\u0442\u0430 \u0432 \u0440\u0430\u0437\u043c\u0435\u0440\u0435 3 EUR. \u041f\u0440\u0438 \u0441\u0443\u043c\u043c\u0435 \u0437\u0430\u043a\u0430\u0437\u0430 \u043e\u0442 20,00 EUR \u043f\u043b\u0430\u0442\u0430 \u0437\u0430 \u0434\u043e\u0441\u0442\u0430\u0432\u043a\u0443 \u043d\u0430 \u0434\u043e\u043c \u0432 \u0440\u0430\u0437\u043c\u0435\u0440\u0435 3 EUR \u043d\u0435 \u043f\u0440\u0438\u043c\u0435\u043d\u044f\u0435\u0442\u0441\u044f.<\/p>","protected":false},"excerpt":{"rendered":"<p>\u0414\u043e\u0441\u0442\u0430\u0432\u043a\u0430 \u0414\u043e\u0441\u0442\u0430\u0432\u043a\u0430 \u043f\u0440\u043e\u0438\u0437\u0432\u043e\u0434\u0438\u0442\u0441\u044f \u043f\u043e \u0430\u0434\u0440\u0435\u0441\u0443, \u043a\u043e\u0442\u043e\u0440\u044b\u0439 \u041a\u043b\u0438\u0435\u043d\u0442 \u0443\u043a\u0430\u0437\u0430\u043b \u043f\u0440\u0438 \u043e\u0444\u043e\u0440\u043c\u043b\u0435\u043d\u0438\u0438 \u0437\u0430\u043a\u0430\u0437\u0430. CITRO \u0434\u043e\u0441\u0442\u0430\u0432\u043b\u044f\u0435\u0442 \u0437\u0430\u043a\u0430\u0437 \u041a\u043b\u0438\u0435\u043d\u0442\u0443 \u0434\u043e \u0433\u043b\u0430\u0432\u043d\u043e\u0433\u043e \u0432\u0445\u043e\u0434\u0430 \u043f\u043e \u0430\u0434\u0440\u0435\u0441\u0443 \u0434\u043e\u0441\u0442\u0430\u0432\u043a\u0438. \u041f\u043e \u043f\u0440\u043e\u0441\u044c\u0431\u0435 \u041a\u043b\u0438\u0435\u043d\u0442\u0430, \u043a\u0443\u0440\u044c\u0435\u0440 \u043c\u043e\u0436\u0435\u0442 \u0434\u043e\u0441\u0442\u0430\u0432\u0438\u0442\u044c \u0437\u0430\u043a\u0430\u0437 \u043f\u043e \u0430\u0434\u0440\u0435\u0441\u0443 \u0434\u043e\u0441\u0442\u0430\u0432\u043a\u0438, \u043d\u0430\u043f\u0440\u0438\u043c\u0435\u0440, \u043e\u0442\u043d\u0435\u0441\u0442\u0438 \u0435\u0433\u043e \u043d\u0430 \u043e\u043f\u0440\u0435\u0434\u0435\u043b\u0435\u043d\u043d\u044b\u0439 \u044d\u0442\u0430\u0436 \u0432 \u043c\u043d\u043e\u0433\u043e\u043a\u0432\u0430\u0440\u0442\u0438\u0440\u043d\u043e\u043c \u0434\u043e\u043c\u0435, \u0442\u043e\u043b\u044c\u043a\u043e \u0435\u0441\u043b\u0438: \u0443 \u043a\u0443\u0440\u044c\u0435\u0440\u0430 \u0435\u0441\u0442\u044c \u0441\u043e\u0433\u043b\u0430\u0441\u0438\u0435 \u041a\u043b\u0438\u0435\u043d\u0442\u0430, \u0438 \u043d\u0430\u0448 \u043a\u0443\u0440\u044c\u0435\u0440 \u043f\u043e\u0441\u0447\u0438\u0442\u0430\u0435\u0442, \u0447\u0442\u043e \u0432\u044b\u043f\u043e\u043b\u043d\u0438\u0442\u044c \u043f\u0440\u043e\u0441\u044c\u0431\u0443 \u041a\u043b\u0438\u0435\u043d\u0442\u0430 [&hellip;]<\/p>\n","protected":false},"author":12,"featured_media":0,"parent":0,"menu_order":0,"comment_status":"closed","ping_status":"closed","template":"","meta":{"_acf_changed":false,"inline_featured_image":false,"footnotes":""},"acf":[],"aioseo_notices":[],"_links":{"self":[{"href":"https:\/\/ventspils.citro.lv\/ru\/wp-json\/wp\/v2\/pages\/34444"}],"collection":[{"href":"https:\/\/ventspils.citro.lv\/ru\/wp-json\/wp\/v2\/pages"}],"about":[{"href":"https:\/\/ventspils.citro.lv\/ru\/wp-json\/wp\/v2\/types\/page"}],"author":[{"embeddable":true,"href":"https:\/\/ventspils.citro.lv\/ru\/wp-json\/wp\/v2\/users\/12"}],"replies":[{"embeddable":true,"href":"https:\/\/ventspils.citro.lv\/ru\/wp-json\/wp\/v2\/comments?post=34444"}],"version-history":[{"count":2,"href":"https:\/\/ventspils.citro.lv\/ru\/wp-json\/wp\/v2\/pages\/34444\/revisions"}],"predecessor-version":[{"id":34455,"href":"https:\/\/ventspils.citro.lv\/ru\/wp-json\/wp\/v2\/pages\/34444\/revisions\/34455"}],"wp:attachment":[{"href":"https:\/\/ventspils.citro.lv\/ru\/wp-json\/wp\/v2\/media?parent=34444"}],"curies":[{"name":"wp","href":"https:\/\/api.w.org\/{rel}","templated":true}]}}